{"id":647,"date":"2018-05-08T18:45:56","date_gmt":"2018-05-08T16:45:56","guid":{"rendered":"https:\/\/alton-france.com\/product\/alton-acg02\/"},"modified":"2018-06-26T15:15:30","modified_gmt":"2018-06-26T13:15:30","slug":"alton-acg02","status":"publish","type":"product","link":"https:\/\/www.alton-france.com\/fr\/produit\/alton-acg02\/","title":{"rendered":"<h1 class=\"acg02\"> Vincent Single<\/h1> <h2 class=\"soustitre\"> Alton ACG02 <\/h2>"},"content":{"rendered":"<h5>Se monte sur les Vincent monocylindres.<br \/>\nLe kit comprend le pignon d\u2019entrainement en polyamide.<br \/>\nChaque g\u00e9n\u00e9rateur est livr\u00e9 avec son redresseur-r\u00e9gulateur.<\/h5>\n<p>La TVA fran\u00e7aise est appliqu\u00e9e sur nos ventes \u00e0 destination de la France et des pays de l&rsquo;Union Europ\u00e9enne (prix TTC)<br \/>\nNous n\u2019appliquons pas la TVA fran\u00e7aise dans le cas de ventes \u00e0 destination des autres pays (prix HT)<br \/>\nDans ce dernier cas, le transporteur est habilit\u00e9 \u00e0 percevoir aupr\u00e8s du client les droits de douane du pays de destination et toute autre charge \u00e0 l\u2019importation.<br \/>\nLe client devra payer l\u2019ensemble de ces droits aupr\u00e8s du transporteur pour obtenir les marchandises command\u00e9es.<br \/>\nAlton recommande \u00e0 ses clients de se renseigner sur les dispositions douani\u00e8res applicables en vigueur dans leurs pays.<\/p>\n","protected":false},"excerpt":{"rendered":"<p>Kit g\u00e9n\u00e9rateur pour\u00a0\u00a0Vincent Comet<\/p>\n","protected":false},"featured_media":2882,"template":"","meta":{"_exactmetrics_skip_tracking":false,"_exactmetrics_sitenote_active":false,"_exactmetrics_sitenote_note":"","_exactmetrics_sitenote_category":0},"product_brand":[],"product_cat":[22],"product_tag":[],"class_list":{"0":"post-647","1":"product","2":"type-product","3":"status-publish","4":"has-post-thumbnail","6":"product_cat-generateurs-fr","7":"product_shipping_class-gen-fr","9":"first","10":"instock","11":"taxable","12":"shipping-taxable","13":"purchasable","14":"product-type-simple"},"yoast_head":"<!-- This site is optimized with the Yoast SEO plugin v27.3 - https:\/\/yoast.com\/product\/yoast-seo-wordpress\/ -->\n<title>Vincent Single  Alton ACG02  - Alton<\/title>\n<meta name=\"robots\" content=\"index, follow, max-snippet:-1, max-image-preview:large, max-video-preview:-1\" \/>\n<link rel=\"canonical\" href=\"https:\/\/www.alton-france.com\/fr\/produit\/alton-acg02\/\" \/>\n<meta property=\"og:locale\" content=\"fr_FR\" \/>\n<meta property=\"og:type\" content=\"article\" \/>\n<meta property=\"og:title\" content=\"Vincent Single  Alton ACG02  - Alton\" \/>\n<meta property=\"og:description\" content=\"Kit g\u00e9n\u00e9rateur pour\u00a0\u00a0Vincent Comet\" \/>\n<meta property=\"og:url\" content=\"https:\/\/www.alton-france.com\/fr\/produit\/alton-acg02\/\" \/>\n<meta property=\"og:site_name\" content=\"Alton\" \/>\n<meta property=\"article:modified_time\" content=\"2018-06-26T13:15:30+00:00\" \/>\n<meta property=\"og:image\" content=\"https:\/\/www.alton-france.com\/wp-content\/uploads\/2025\/11\/acg02-02-scaled.jpg\" \/>\n\t<meta property=\"og:image:width\" content=\"2560\" \/>\n\t<meta property=\"og:image:height\" content=\"1920\" \/>\n\t<meta property=\"og:image:type\" content=\"image\/jpeg\" \/>\n<meta name=\"twitter:card\" content=\"summary_large_image\" \/>\n<meta name=\"twitter:label1\" content=\"Dur\u00e9e de lecture estim\u00e9e\" \/>\n\t<meta name=\"twitter:data1\" content=\"1 minute\" \/>\n<script type=\"application\/ld+json\" class=\"yoast-schema-graph\">{\"@context\":\"https:\\\/\\\/schema.org\",\"@graph\":[{\"@type\":\"WebPage\",\"@id\":\"https:\\\/\\\/www.alton-france.com\\\/fr\\\/produit\\\/alton-acg02\\\/\",\"url\":\"https:\\\/\\\/www.alton-france.com\\\/fr\\\/produit\\\/alton-acg02\\\/\",\"name\":\"Vincent Single Alton ACG02 - Alton\",\"isPartOf\":{\"@id\":\"https:\\\/\\\/www.alton-france.com\\\/#website\"},\"primaryImageOfPage\":{\"@id\":\"https:\\\/\\\/www.alton-france.com\\\/fr\\\/produit\\\/alton-acg02\\\/#primaryimage\"},\"image\":{\"@id\":\"https:\\\/\\\/www.alton-france.com\\\/fr\\\/produit\\\/alton-acg02\\\/#primaryimage\"},\"thumbnailUrl\":\"https:\\\/\\\/www.alton-france.com\\\/wp-content\\\/uploads\\\/2025\\\/11\\\/acg02-02-scaled.jpg\",\"datePublished\":\"2018-05-08T16:45:56+00:00\",\"dateModified\":\"2018-06-26T13:15:30+00:00\",\"breadcrumb\":{\"@id\":\"https:\\\/\\\/www.alton-france.com\\\/fr\\\/produit\\\/alton-acg02\\\/#breadcrumb\"},\"inLanguage\":\"fr-FR\",\"potentialAction\":[{\"@type\":\"ReadAction\",\"target\":[\"https:\\\/\\\/www.alton-france.com\\\/fr\\\/produit\\\/alton-acg02\\\/\"]}]},{\"@type\":\"ImageObject\",\"inLanguage\":\"fr-FR\",\"@id\":\"https:\\\/\\\/www.alton-france.com\\\/fr\\\/produit\\\/alton-acg02\\\/#primaryimage\",\"url\":\"https:\\\/\\\/www.alton-france.com\\\/wp-content\\\/uploads\\\/2025\\\/11\\\/acg02-02-scaled.jpg\",\"contentUrl\":\"https:\\\/\\\/www.alton-france.com\\\/wp-content\\\/uploads\\\/2025\\\/11\\\/acg02-02-scaled.jpg\",\"width\":2560,\"height\":1920,\"caption\":\"ALTON ACG02 \u2013 Vincent Comet\"},{\"@type\":\"BreadcrumbList\",\"@id\":\"https:\\\/\\\/www.alton-france.com\\\/fr\\\/produit\\\/alton-acg02\\\/#breadcrumb\",\"itemListElement\":[{\"@type\":\"ListItem\",\"position\":1,\"name\":\"HOME\",\"item\":\"https:\\\/\\\/www.alton-france.com\\\/fr\\\/\"},{\"@type\":\"ListItem\",\"position\":2,\"name\":\"Shop\",\"item\":\"https:\\\/\\\/www.alton-france.com\\\/fr\\\/shop\\\/\"},{\"@type\":\"ListItem\",\"position\":3,\"name\":\"Vincent Single Alton ACG02\"}]},{\"@type\":\"WebSite\",\"@id\":\"https:\\\/\\\/www.alton-france.com\\\/#website\",\"url\":\"https:\\\/\\\/www.alton-france.com\\\/\",\"name\":\"Alton\",\"description\":\"Fabricant et distributeur de d\u00e9marreur kit \u00e9lectrique\",\"potentialAction\":[{\"@type\":\"SearchAction\",\"target\":{\"@type\":\"EntryPoint\",\"urlTemplate\":\"https:\\\/\\\/www.alton-france.com\\\/?s={search_term_string}\"},\"query-input\":{\"@type\":\"PropertyValueSpecification\",\"valueRequired\":true,\"valueName\":\"search_term_string\"}}],\"inLanguage\":\"fr-FR\"}]}<\/script>\n<!-- \/ Yoast SEO plugin. -->","yoast_head_json":{"title":"Vincent Single  Alton ACG02  - Alton","robots":{"index":"index","follow":"follow","max-snippet":"max-snippet:-1","max-image-preview":"max-image-preview:large","max-video-preview":"max-video-preview:-1"},"canonical":"https:\/\/www.alton-france.com\/fr\/produit\/alton-acg02\/","og_locale":"fr_FR","og_type":"article","og_title":"Vincent Single  Alton ACG02  - Alton","og_description":"Kit g\u00e9n\u00e9rateur pour\u00a0\u00a0Vincent Comet","og_url":"https:\/\/www.alton-france.com\/fr\/produit\/alton-acg02\/","og_site_name":"Alton","article_modified_time":"2018-06-26T13:15:30+00:00","og_image":[{"width":2560,"height":1920,"url":"https:\/\/www.alton-france.com\/wp-content\/uploads\/2025\/11\/acg02-02-scaled.jpg","type":"image\/jpeg"}],"twitter_card":"summary_large_image","twitter_misc":{"Dur\u00e9e de lecture estim\u00e9e":"1 minute"},"schema":{"@context":"https:\/\/schema.org","@graph":[{"@type":"WebPage","@id":"https:\/\/www.alton-france.com\/fr\/produit\/alton-acg02\/","url":"https:\/\/www.alton-france.com\/fr\/produit\/alton-acg02\/","name":"Vincent Single Alton ACG02 - Alton","isPartOf":{"@id":"https:\/\/www.alton-france.com\/#website"},"primaryImageOfPage":{"@id":"https:\/\/www.alton-france.com\/fr\/produit\/alton-acg02\/#primaryimage"},"image":{"@id":"https:\/\/www.alton-france.com\/fr\/produit\/alton-acg02\/#primaryimage"},"thumbnailUrl":"https:\/\/www.alton-france.com\/wp-content\/uploads\/2025\/11\/acg02-02-scaled.jpg","datePublished":"2018-05-08T16:45:56+00:00","dateModified":"2018-06-26T13:15:30+00:00","breadcrumb":{"@id":"https:\/\/www.alton-france.com\/fr\/produit\/alton-acg02\/#breadcrumb"},"inLanguage":"fr-FR","potentialAction":[{"@type":"ReadAction","target":["https:\/\/www.alton-france.com\/fr\/produit\/alton-acg02\/"]}]},{"@type":"ImageObject","inLanguage":"fr-FR","@id":"https:\/\/www.alton-france.com\/fr\/produit\/alton-acg02\/#primaryimage","url":"https:\/\/www.alton-france.com\/wp-content\/uploads\/2025\/11\/acg02-02-scaled.jpg","contentUrl":"https:\/\/www.alton-france.com\/wp-content\/uploads\/2025\/11\/acg02-02-scaled.jpg","width":2560,"height":1920,"caption":"ALTON ACG02 \u2013 Vincent Comet"},{"@type":"BreadcrumbList","@id":"https:\/\/www.alton-france.com\/fr\/produit\/alton-acg02\/#breadcrumb","itemListElement":[{"@type":"ListItem","position":1,"name":"HOME","item":"https:\/\/www.alton-france.com\/fr\/"},{"@type":"ListItem","position":2,"name":"Shop","item":"https:\/\/www.alton-france.com\/fr\/shop\/"},{"@type":"ListItem","position":3,"name":"Vincent Single Alton ACG02"}]},{"@type":"WebSite","@id":"https:\/\/www.alton-france.com\/#website","url":"https:\/\/www.alton-france.com\/","name":"Alton","description":"Fabricant et distributeur de d\u00e9marreur kit \u00e9lectrique","potentialAction":[{"@type":"SearchAction","target":{"@type":"EntryPoint","urlTemplate":"https:\/\/www.alton-france.com\/?s={search_term_string}"},"query-input":{"@type":"PropertyValueSpecification","valueRequired":true,"valueName":"search_term_string"}}],"inLanguage":"fr-FR"}]}},"_links":{"self":[{"href":"https:\/\/www.alton-france.com\/fr\/wp-json\/wp\/v2\/product\/647","targetHints":{"allow":["GET"]}}],"collection":[{"href":"https:\/\/www.alton-france.com\/fr\/wp-json\/wp\/v2\/product"}],"about":[{"href":"https:\/\/www.alton-france.com\/fr\/wp-json\/wp\/v2\/types\/product"}],"wp:featuredmedia":[{"embeddable":true,"href":"https:\/\/www.alton-france.com\/fr\/wp-json\/wp\/v2\/media\/2882"}],"wp:attachment":[{"href":"https:\/\/www.alton-france.com\/fr\/wp-json\/wp\/v2\/media?parent=647"}],"wp:term":[{"taxonomy":"product_brand","embeddable":true,"href":"https:\/\/www.alton-france.com\/fr\/wp-json\/wp\/v2\/product_brand?post=647"},{"taxonomy":"product_cat","embeddable":true,"href":"https:\/\/www.alton-france.com\/fr\/wp-json\/wp\/v2\/product_cat?post=647"},{"taxonomy":"product_tag","embeddable":true,"href":"https:\/\/www.alton-france.com\/fr\/wp-json\/wp\/v2\/product_tag?post=647"}],"curies":[{"name":"wp","href":"https:\/\/api.w.org\/{rel}","templated":true}]}}