{"id":632,"date":"2018-05-08T19:01:31","date_gmt":"2018-05-08T17:01:31","guid":{"rendered":"https:\/\/alton-france.com\/?post_type=product&#038;p=632"},"modified":"2018-06-26T15:10:35","modified_gmt":"2018-06-26T13:10:35","slug":"alton-acg06c","status":"publish","type":"product","link":"https:\/\/www.alton-france.com\/fr\/produit\/alton-acg06c\/","title":{"rendered":"<h1 class=\"acg06\">BSA Twin<\/h1> <h2 class=\"soustitre\">Alton ACG06C<\/h2>"},"content":{"rendered":"<h5>Se monte sur BSA A7, A10. Et sur les Ariel\u00a0\u00a0FH\u00a0Huntmaster. Livr\u00e9 avec un pignon 11 dents pour utilisation avec la cha\u00eenette d&rsquo;origine.<br \/>\nChaque g\u00e9n\u00e9rateur est livr\u00e9 avec son redresseur-r\u00e9gulateur.<\/h5>\n<p>La TVA fran\u00e7aise est appliqu\u00e9e sur nos ventes \u00e0 destination de la France et des pays de l&rsquo;Union Europ\u00e9enne (prix TTC)<br \/>\nNous n\u2019appliquons pas la TVA fran\u00e7aise dans le cas de ventes \u00e0 destination des autres pays (prix HT)<br \/>\nDans ce dernier cas, le transporteur est habilit\u00e9 \u00e0 percevoir aupr\u00e8s du client les droits de douane du pays de destination et toute autre charge \u00e0 l\u2019importation.<br \/>\nLe client devra payer l\u2019ensemble de ces droits aupr\u00e8s du transporteur pour obtenir les marchandises command\u00e9es.<br \/>\nAlton recommande \u00e0 ses clients de se renseigner sur les dispositions douani\u00e8res applicables en vigueur dans leurs pays.<\/p>\n","protected":false},"excerpt":{"rendered":"<p>Kit g\u00e9n\u00e9rateur pour\u00a0\u00a0BSA twin<\/p>\n","protected":false},"featured_media":3035,"template":"","meta":{"_exactmetrics_skip_tracking":false,"_exactmetrics_sitenote_active":false,"_exactmetrics_sitenote_note":"","_exactmetrics_sitenote_category":0},"product_brand":[],"product_cat":[22],"product_tag":[],"class_list":{"0":"post-632","1":"product","2":"type-product","3":"status-publish","4":"has-post-thumbnail","6":"product_cat-generateurs-fr","7":"product_shipping_class-gen-fr","9":"first","10":"instock","11":"taxable","12":"shipping-taxable","13":"purchasable","14":"product-type-simple"},"yoast_head":"<!-- This site is optimized with the Yoast SEO plugin v27.4 - https:\/\/yoast.com\/product\/yoast-seo-wordpress\/ -->\n<title>BSA Twin Alton ACG06C - Alton<\/title>\n<meta name=\"robots\" content=\"index, follow, max-snippet:-1, max-image-preview:large, max-video-preview:-1\" \/>\n<link rel=\"canonical\" href=\"https:\/\/www.alton-france.com\/fr\/produit\/alton-acg06c\/\" \/>\n<meta property=\"og:locale\" content=\"fr_FR\" \/>\n<meta property=\"og:type\" content=\"article\" \/>\n<meta property=\"og:title\" content=\"BSA Twin Alton ACG06C - Alton\" \/>\n<meta property=\"og:description\" content=\"Kit g\u00e9n\u00e9rateur pour\u00a0\u00a0BSA twin\" \/>\n<meta property=\"og:url\" content=\"https:\/\/www.alton-france.com\/fr\/produit\/alton-acg06c\/\" \/>\n<meta property=\"og:site_name\" content=\"Alton\" \/>\n<meta property=\"article:modified_time\" content=\"2018-06-26T13:10:35+00:00\" \/>\n<meta property=\"og:image\" content=\"https:\/\/www.alton-france.com\/wp-content\/uploads\/2018\/05\/alton-detail-acg06c-bsa-twin.jpg\" \/>\n\t<meta property=\"og:image:width\" content=\"2109\" \/>\n\t<meta property=\"og:image:height\" content=\"2103\" \/>\n\t<meta property=\"og:image:type\" content=\"image\/jpeg\" \/>\n<meta name=\"twitter:card\" content=\"summary_large_image\" \/>\n<meta name=\"twitter:label1\" content=\"Dur\u00e9e de lecture estim\u00e9e\" \/>\n\t<meta name=\"twitter:data1\" content=\"1 minute\" \/>\n<script type=\"application\/ld+json\" class=\"yoast-schema-graph\">{\"@context\":\"https:\\\/\\\/schema.org\",\"@graph\":[{\"@type\":\"WebPage\",\"@id\":\"https:\\\/\\\/www.alton-france.com\\\/fr\\\/produit\\\/alton-acg06c\\\/\",\"url\":\"https:\\\/\\\/www.alton-france.com\\\/fr\\\/produit\\\/alton-acg06c\\\/\",\"name\":\"BSA Twin Alton ACG06C - Alton\",\"isPartOf\":{\"@id\":\"https:\\\/\\\/www.alton-france.com\\\/#website\"},\"primaryImageOfPage\":{\"@id\":\"https:\\\/\\\/www.alton-france.com\\\/fr\\\/produit\\\/alton-acg06c\\\/#primaryimage\"},\"image\":{\"@id\":\"https:\\\/\\\/www.alton-france.com\\\/fr\\\/produit\\\/alton-acg06c\\\/#primaryimage\"},\"thumbnailUrl\":\"https:\\\/\\\/www.alton-france.com\\\/wp-content\\\/uploads\\\/2018\\\/05\\\/acg06c-02-scaled.jpg\",\"datePublished\":\"2018-05-08T17:01:31+00:00\",\"dateModified\":\"2018-06-26T13:10:35+00:00\",\"breadcrumb\":{\"@id\":\"https:\\\/\\\/www.alton-france.com\\\/fr\\\/produit\\\/alton-acg06c\\\/#breadcrumb\"},\"inLanguage\":\"fr-FR\",\"potentialAction\":[{\"@type\":\"ReadAction\",\"target\":[\"https:\\\/\\\/www.alton-france.com\\\/fr\\\/produit\\\/alton-acg06c\\\/\"]}]},{\"@type\":\"ImageObject\",\"inLanguage\":\"fr-FR\",\"@id\":\"https:\\\/\\\/www.alton-france.com\\\/fr\\\/produit\\\/alton-acg06c\\\/#primaryimage\",\"url\":\"https:\\\/\\\/www.alton-france.com\\\/wp-content\\\/uploads\\\/2018\\\/05\\\/acg06c-02-scaled.jpg\",\"contentUrl\":\"https:\\\/\\\/www.alton-france.com\\\/wp-content\\\/uploads\\\/2018\\\/05\\\/acg06c-02-scaled.jpg\",\"width\":2560,\"height\":1920},{\"@type\":\"BreadcrumbList\",\"@id\":\"https:\\\/\\\/www.alton-france.com\\\/fr\\\/produit\\\/alton-acg06c\\\/#breadcrumb\",\"itemListElement\":[{\"@type\":\"ListItem\",\"position\":1,\"name\":\"HOME\",\"item\":\"https:\\\/\\\/www.alton-france.com\\\/fr\\\/\"},{\"@type\":\"ListItem\",\"position\":2,\"name\":\"Shop\",\"item\":\"https:\\\/\\\/www.alton-france.com\\\/fr\\\/shop\\\/\"},{\"@type\":\"ListItem\",\"position\":3,\"name\":\"BSA Twin Alton ACG06C\"}]},{\"@type\":\"WebSite\",\"@id\":\"https:\\\/\\\/www.alton-france.com\\\/#website\",\"url\":\"https:\\\/\\\/www.alton-france.com\\\/\",\"name\":\"Alton\",\"description\":\"Fabricant et distributeur de d\u00e9marreur kit \u00e9lectrique\",\"potentialAction\":[{\"@type\":\"SearchAction\",\"target\":{\"@type\":\"EntryPoint\",\"urlTemplate\":\"https:\\\/\\\/www.alton-france.com\\\/?s={search_term_string}\"},\"query-input\":{\"@type\":\"PropertyValueSpecification\",\"valueRequired\":true,\"valueName\":\"search_term_string\"}}],\"inLanguage\":\"fr-FR\"}]}<\/script>\n<!-- \/ Yoast SEO plugin. -->","yoast_head_json":{"title":"BSA Twin Alton ACG06C - Alton","robots":{"index":"index","follow":"follow","max-snippet":"max-snippet:-1","max-image-preview":"max-image-preview:large","max-video-preview":"max-video-preview:-1"},"canonical":"https:\/\/www.alton-france.com\/fr\/produit\/alton-acg06c\/","og_locale":"fr_FR","og_type":"article","og_title":"BSA Twin Alton ACG06C - Alton","og_description":"Kit g\u00e9n\u00e9rateur pour\u00a0\u00a0BSA twin","og_url":"https:\/\/www.alton-france.com\/fr\/produit\/alton-acg06c\/","og_site_name":"Alton","article_modified_time":"2018-06-26T13:10:35+00:00","og_image":[{"width":2109,"height":2103,"url":"https:\/\/www.alton-france.com\/wp-content\/uploads\/2018\/05\/alton-detail-acg06c-bsa-twin.jpg","type":"image\/jpeg"}],"twitter_card":"summary_large_image","twitter_misc":{"Dur\u00e9e de lecture estim\u00e9e":"1 minute"},"schema":{"@context":"https:\/\/schema.org","@graph":[{"@type":"WebPage","@id":"https:\/\/www.alton-france.com\/fr\/produit\/alton-acg06c\/","url":"https:\/\/www.alton-france.com\/fr\/produit\/alton-acg06c\/","name":"BSA Twin Alton ACG06C - Alton","isPartOf":{"@id":"https:\/\/www.alton-france.com\/#website"},"primaryImageOfPage":{"@id":"https:\/\/www.alton-france.com\/fr\/produit\/alton-acg06c\/#primaryimage"},"image":{"@id":"https:\/\/www.alton-france.com\/fr\/produit\/alton-acg06c\/#primaryimage"},"thumbnailUrl":"https:\/\/www.alton-france.com\/wp-content\/uploads\/2018\/05\/acg06c-02-scaled.jpg","datePublished":"2018-05-08T17:01:31+00:00","dateModified":"2018-06-26T13:10:35+00:00","breadcrumb":{"@id":"https:\/\/www.alton-france.com\/fr\/produit\/alton-acg06c\/#breadcrumb"},"inLanguage":"fr-FR","potentialAction":[{"@type":"ReadAction","target":["https:\/\/www.alton-france.com\/fr\/produit\/alton-acg06c\/"]}]},{"@type":"ImageObject","inLanguage":"fr-FR","@id":"https:\/\/www.alton-france.com\/fr\/produit\/alton-acg06c\/#primaryimage","url":"https:\/\/www.alton-france.com\/wp-content\/uploads\/2018\/05\/acg06c-02-scaled.jpg","contentUrl":"https:\/\/www.alton-france.com\/wp-content\/uploads\/2018\/05\/acg06c-02-scaled.jpg","width":2560,"height":1920},{"@type":"BreadcrumbList","@id":"https:\/\/www.alton-france.com\/fr\/produit\/alton-acg06c\/#breadcrumb","itemListElement":[{"@type":"ListItem","position":1,"name":"HOME","item":"https:\/\/www.alton-france.com\/fr\/"},{"@type":"ListItem","position":2,"name":"Shop","item":"https:\/\/www.alton-france.com\/fr\/shop\/"},{"@type":"ListItem","position":3,"name":"BSA Twin Alton ACG06C"}]},{"@type":"WebSite","@id":"https:\/\/www.alton-france.com\/#website","url":"https:\/\/www.alton-france.com\/","name":"Alton","description":"Fabricant et distributeur de d\u00e9marreur kit \u00e9lectrique","potentialAction":[{"@type":"SearchAction","target":{"@type":"EntryPoint","urlTemplate":"https:\/\/www.alton-france.com\/?s={search_term_string}"},"query-input":{"@type":"PropertyValueSpecification","valueRequired":true,"valueName":"search_term_string"}}],"inLanguage":"fr-FR"}]}},"_links":{"self":[{"href":"https:\/\/www.alton-france.com\/fr\/wp-json\/wp\/v2\/product\/632","targetHints":{"allow":["GET"]}}],"collection":[{"href":"https:\/\/www.alton-france.com\/fr\/wp-json\/wp\/v2\/product"}],"about":[{"href":"https:\/\/www.alton-france.com\/fr\/wp-json\/wp\/v2\/types\/product"}],"wp:featuredmedia":[{"embeddable":true,"href":"https:\/\/www.alton-france.com\/fr\/wp-json\/wp\/v2\/media\/3035"}],"wp:attachment":[{"href":"https:\/\/www.alton-france.com\/fr\/wp-json\/wp\/v2\/media?parent=632"}],"wp:term":[{"taxonomy":"product_brand","embeddable":true,"href":"https:\/\/www.alton-france.com\/fr\/wp-json\/wp\/v2\/product_brand?post=632"},{"taxonomy":"product_cat","embeddable":true,"href":"https:\/\/www.alton-france.com\/fr\/wp-json\/wp\/v2\/product_cat?post=632"},{"taxonomy":"product_tag","embeddable":true,"href":"https:\/\/www.alton-france.com\/fr\/wp-json\/wp\/v2\/product_tag?post=632"}],"curies":[{"name":"wp","href":"https:\/\/api.w.org\/{rel}","templated":true}]}}