{"id":1440,"date":"2020-02-22T13:03:28","date_gmt":"2020-02-22T12:03:28","guid":{"rendered":"https:\/\/www.alton-france.com\/product\/compact-generators-set\/"},"modified":"2020-12-03T13:20:26","modified_gmt":"2020-12-03T12:20:26","slug":"compact-generateurs-set","status":"publish","type":"product","link":"https:\/\/www.alton-france.com\/fr\/produit\/compact-generateurs-set\/","title":{"rendered":"<h1 class=\"compact\">Compact Generators Set<\/h1>"},"content":{"rendered":"<p><strong>\u00a0\u00bb Produit destin\u00e9 aux motos customis\u00e9es.<\/strong><br \/>\n<strong>Performance \u00e9gale, mais 90mm de long au lieu de 135mm.<\/strong><br \/>\n<strong>Nous pouvons vous fournir le type d\u2019entra\u00eenement adapt\u00e9 \u00e0 votre moto. Merci de le choisir dans la liste d\u00e9roulante ci-dessous.<\/strong><br \/>\n<strong>Chaque g\u00e9n\u00e9rateur est livr\u00e9 avec son redresseur-r\u00e9gulateur. \u00ab\u00a0<\/strong><\/p>\n","protected":false},"excerpt":{"rendered":"<p>\u00a0\u00bb Produit destin\u00e9 aux motos customis\u00e9es.<br \/>\nPerformance \u00e9gale, mais 90mm de long au lieu de 135mm.<br \/>\nNous pouvons vous fournir le type d\u2019entra\u00eenement adapt\u00e9 \u00e0 votre moto. Merci de le choisir dans la liste d\u00e9roulante ci-dessous.<br \/>\nChaque g\u00e9n\u00e9rateur est livr\u00e9 avec son redresseur-r\u00e9gulateur. \u00ab\u00a0<\/p>\n","protected":false},"featured_media":2932,"template":"","meta":{"_exactmetrics_skip_tracking":false,"_exactmetrics_sitenote_active":false,"_exactmetrics_sitenote_note":"","_exactmetrics_sitenote_category":0},"product_brand":[],"product_cat":[22],"product_tag":[],"class_list":{"0":"post-1440","1":"product","2":"type-product","3":"status-publish","4":"has-post-thumbnail","6":"product_cat-generateurs-fr","7":"product_shipping_class-gen-fr","9":"first","10":"instock","11":"taxable","12":"shipping-taxable","13":"purchasable","14":"product-type-variable"},"yoast_head":"<!-- This site is optimized with the Yoast SEO plugin v27.4 - https:\/\/yoast.com\/product\/yoast-seo-wordpress\/ -->\n<title>Compact Generators Set - Alton<\/title>\n<meta name=\"robots\" content=\"index, follow, max-snippet:-1, max-image-preview:large, max-video-preview:-1\" \/>\n<link rel=\"canonical\" href=\"https:\/\/www.alton-france.com\/fr\/produit\/compact-generateurs-set\/\" \/>\n<meta property=\"og:locale\" content=\"fr_FR\" \/>\n<meta property=\"og:type\" content=\"article\" \/>\n<meta property=\"og:title\" content=\"Compact Generators Set - Alton\" \/>\n<meta property=\"og:description\" content=\"&quot; Produit destin\u00e9 aux motos customis\u00e9es. Performance \u00e9gale, mais 90mm de long au lieu de 135mm. Nous pouvons vous fournir le type d\u2019entra\u00eenement adapt\u00e9 \u00e0 votre moto. Merci de le choisir dans la liste d\u00e9roulante ci-dessous. Chaque g\u00e9n\u00e9rateur est livr\u00e9 avec son redresseur-r\u00e9gulateur. &quot;\" \/>\n<meta property=\"og:url\" content=\"https:\/\/www.alton-france.com\/fr\/produit\/compact-generateurs-set\/\" \/>\n<meta property=\"og:site_name\" content=\"Alton\" \/>\n<meta property=\"article:modified_time\" content=\"2020-12-03T12:20:26+00:00\" \/>\n<meta property=\"og:image\" content=\"https:\/\/www.alton-france.com\/wp-content\/uploads\/2020\/02\/compact-ac-generator-back-scaled.jpg\" \/>\n\t<meta property=\"og:image:width\" content=\"2560\" \/>\n\t<meta property=\"og:image:height\" content=\"2145\" \/>\n\t<meta property=\"og:image:type\" content=\"image\/jpeg\" \/>\n<meta name=\"twitter:card\" content=\"summary_large_image\" \/>\n<script type=\"application\/ld+json\" class=\"yoast-schema-graph\">{\"@context\":\"https:\\\/\\\/schema.org\",\"@graph\":[{\"@type\":\"WebPage\",\"@id\":\"https:\\\/\\\/www.alton-france.com\\\/fr\\\/produit\\\/compact-generateurs-set\\\/\",\"url\":\"https:\\\/\\\/www.alton-france.com\\\/fr\\\/produit\\\/compact-generateurs-set\\\/\",\"name\":\"Compact Generators Set - Alton\",\"isPartOf\":{\"@id\":\"https:\\\/\\\/www.alton-france.com\\\/#website\"},\"primaryImageOfPage\":{\"@id\":\"https:\\\/\\\/www.alton-france.com\\\/fr\\\/produit\\\/compact-generateurs-set\\\/#primaryimage\"},\"image\":{\"@id\":\"https:\\\/\\\/www.alton-france.com\\\/fr\\\/produit\\\/compact-generateurs-set\\\/#primaryimage\"},\"thumbnailUrl\":\"https:\\\/\\\/www.alton-france.com\\\/wp-content\\\/uploads\\\/2025\\\/11\\\/agc-compact-notice.jpg\",\"datePublished\":\"2020-02-22T12:03:28+00:00\",\"dateModified\":\"2020-12-03T12:20:26+00:00\",\"breadcrumb\":{\"@id\":\"https:\\\/\\\/www.alton-france.com\\\/fr\\\/produit\\\/compact-generateurs-set\\\/#breadcrumb\"},\"inLanguage\":\"fr-FR\",\"potentialAction\":[{\"@type\":\"ReadAction\",\"target\":[\"https:\\\/\\\/www.alton-france.com\\\/fr\\\/produit\\\/compact-generateurs-set\\\/\"]}]},{\"@type\":\"ImageObject\",\"inLanguage\":\"fr-FR\",\"@id\":\"https:\\\/\\\/www.alton-france.com\\\/fr\\\/produit\\\/compact-generateurs-set\\\/#primaryimage\",\"url\":\"https:\\\/\\\/www.alton-france.com\\\/wp-content\\\/uploads\\\/2025\\\/11\\\/agc-compact-notice.jpg\",\"contentUrl\":\"https:\\\/\\\/www.alton-france.com\\\/wp-content\\\/uploads\\\/2025\\\/11\\\/agc-compact-notice.jpg\",\"width\":1398,\"height\":986,\"caption\":\"G\u00e9n\u00e9rateur compact\"},{\"@type\":\"BreadcrumbList\",\"@id\":\"https:\\\/\\\/www.alton-france.com\\\/fr\\\/produit\\\/compact-generateurs-set\\\/#breadcrumb\",\"itemListElement\":[{\"@type\":\"ListItem\",\"position\":1,\"name\":\"HOME\",\"item\":\"https:\\\/\\\/www.alton-france.com\\\/fr\\\/\"},{\"@type\":\"ListItem\",\"position\":2,\"name\":\"Shop\",\"item\":\"https:\\\/\\\/www.alton-france.com\\\/fr\\\/shop\\\/\"},{\"@type\":\"ListItem\",\"position\":3,\"name\":\"Compact Generators Set\"}]},{\"@type\":\"WebSite\",\"@id\":\"https:\\\/\\\/www.alton-france.com\\\/#website\",\"url\":\"https:\\\/\\\/www.alton-france.com\\\/\",\"name\":\"Alton\",\"description\":\"Fabricant et distributeur de d\u00e9marreur kit \u00e9lectrique\",\"potentialAction\":[{\"@type\":\"SearchAction\",\"target\":{\"@type\":\"EntryPoint\",\"urlTemplate\":\"https:\\\/\\\/www.alton-france.com\\\/?s={search_term_string}\"},\"query-input\":{\"@type\":\"PropertyValueSpecification\",\"valueRequired\":true,\"valueName\":\"search_term_string\"}}],\"inLanguage\":\"fr-FR\"}]}<\/script>\n<!-- \/ Yoast SEO plugin. -->","yoast_head_json":{"title":"Compact Generators Set - Alton","robots":{"index":"index","follow":"follow","max-snippet":"max-snippet:-1","max-image-preview":"max-image-preview:large","max-video-preview":"max-video-preview:-1"},"canonical":"https:\/\/www.alton-france.com\/fr\/produit\/compact-generateurs-set\/","og_locale":"fr_FR","og_type":"article","og_title":"Compact Generators Set - Alton","og_description":"\" Produit destin\u00e9 aux motos customis\u00e9es. Performance \u00e9gale, mais 90mm de long au lieu de 135mm. Nous pouvons vous fournir le type d\u2019entra\u00eenement adapt\u00e9 \u00e0 votre moto. Merci de le choisir dans la liste d\u00e9roulante ci-dessous. Chaque g\u00e9n\u00e9rateur est livr\u00e9 avec son redresseur-r\u00e9gulateur. \"","og_url":"https:\/\/www.alton-france.com\/fr\/produit\/compact-generateurs-set\/","og_site_name":"Alton","article_modified_time":"2020-12-03T12:20:26+00:00","og_image":[{"width":2560,"height":2145,"url":"https:\/\/www.alton-france.com\/wp-content\/uploads\/2020\/02\/compact-ac-generator-back-scaled.jpg","type":"image\/jpeg"}],"twitter_card":"summary_large_image","schema":{"@context":"https:\/\/schema.org","@graph":[{"@type":"WebPage","@id":"https:\/\/www.alton-france.com\/fr\/produit\/compact-generateurs-set\/","url":"https:\/\/www.alton-france.com\/fr\/produit\/compact-generateurs-set\/","name":"Compact Generators Set - Alton","isPartOf":{"@id":"https:\/\/www.alton-france.com\/#website"},"primaryImageOfPage":{"@id":"https:\/\/www.alton-france.com\/fr\/produit\/compact-generateurs-set\/#primaryimage"},"image":{"@id":"https:\/\/www.alton-france.com\/fr\/produit\/compact-generateurs-set\/#primaryimage"},"thumbnailUrl":"https:\/\/www.alton-france.com\/wp-content\/uploads\/2025\/11\/agc-compact-notice.jpg","datePublished":"2020-02-22T12:03:28+00:00","dateModified":"2020-12-03T12:20:26+00:00","breadcrumb":{"@id":"https:\/\/www.alton-france.com\/fr\/produit\/compact-generateurs-set\/#breadcrumb"},"inLanguage":"fr-FR","potentialAction":[{"@type":"ReadAction","target":["https:\/\/www.alton-france.com\/fr\/produit\/compact-generateurs-set\/"]}]},{"@type":"ImageObject","inLanguage":"fr-FR","@id":"https:\/\/www.alton-france.com\/fr\/produit\/compact-generateurs-set\/#primaryimage","url":"https:\/\/www.alton-france.com\/wp-content\/uploads\/2025\/11\/agc-compact-notice.jpg","contentUrl":"https:\/\/www.alton-france.com\/wp-content\/uploads\/2025\/11\/agc-compact-notice.jpg","width":1398,"height":986,"caption":"G\u00e9n\u00e9rateur compact"},{"@type":"BreadcrumbList","@id":"https:\/\/www.alton-france.com\/fr\/produit\/compact-generateurs-set\/#breadcrumb","itemListElement":[{"@type":"ListItem","position":1,"name":"HOME","item":"https:\/\/www.alton-france.com\/fr\/"},{"@type":"ListItem","position":2,"name":"Shop","item":"https:\/\/www.alton-france.com\/fr\/shop\/"},{"@type":"ListItem","position":3,"name":"Compact Generators Set"}]},{"@type":"WebSite","@id":"https:\/\/www.alton-france.com\/#website","url":"https:\/\/www.alton-france.com\/","name":"Alton","description":"Fabricant et distributeur de d\u00e9marreur kit \u00e9lectrique","potentialAction":[{"@type":"SearchAction","target":{"@type":"EntryPoint","urlTemplate":"https:\/\/www.alton-france.com\/?s={search_term_string}"},"query-input":{"@type":"PropertyValueSpecification","valueRequired":true,"valueName":"search_term_string"}}],"inLanguage":"fr-FR"}]}},"_links":{"self":[{"href":"https:\/\/www.alton-france.com\/fr\/wp-json\/wp\/v2\/product\/1440","targetHints":{"allow":["GET"]}}],"collection":[{"href":"https:\/\/www.alton-france.com\/fr\/wp-json\/wp\/v2\/product"}],"about":[{"href":"https:\/\/www.alton-france.com\/fr\/wp-json\/wp\/v2\/types\/product"}],"wp:featuredmedia":[{"embeddable":true,"href":"https:\/\/www.alton-france.com\/fr\/wp-json\/wp\/v2\/media\/2932"}],"wp:attachment":[{"href":"https:\/\/www.alton-france.com\/fr\/wp-json\/wp\/v2\/media?parent=1440"}],"wp:term":[{"taxonomy":"product_brand","embeddable":true,"href":"https:\/\/www.alton-france.com\/fr\/wp-json\/wp\/v2\/product_brand?post=1440"},{"taxonomy":"product_cat","embeddable":true,"href":"https:\/\/www.alton-france.com\/fr\/wp-json\/wp\/v2\/product_cat?post=1440"},{"taxonomy":"product_tag","embeddable":true,"href":"https:\/\/www.alton-france.com\/fr\/wp-json\/wp\/v2\/product_tag?post=1440"}],"curies":[{"name":"wp","href":"https:\/\/api.w.org\/{rel}","templated":true}]}}