{"id":1438,"date":"2020-02-24T22:13:02","date_gmt":"2020-02-24T21:13:02","guid":{"rendered":"https:\/\/www.alton-france.com\/product\/rectifying-regulator-podtronics\/"},"modified":"2020-08-27T15:04:50","modified_gmt":"2020-08-27T13:04:50","slug":"redresseur-regulateur-podtronics","status":"publish","type":"product","link":"https:\/\/www.alton-france.com\/fr\/produit\/redresseur-regulateur-podtronics\/","title":{"rendered":"<h1 class=\"compact\">Redresseur-r\u00e9gulateur \u2013 Podtronics<\/h1>"},"content":{"rendered":"<p><strong>Single Phase \u00ab\u00a0Hi-Power\u00a0\u00bb . Nominal rating 200Watts. Max Rating 20Amps. 64mm x 77mm x 29mm.<\/strong><\/p>\n<p><strong>R\u00e9sistant \u00e0 l\u2019eau et aux vibrations.<\/strong><\/p>\n<p><strong>Peut \u00eatre utilis\u00e9 en positif ou n\u00e9gatif \u00e0 la masse.<\/strong><\/p>\n","protected":false},"excerpt":{"rendered":"<p>Single Phase \u00ab\u00a0Hi-Power\u00a0\u00bb . Nominal rating 200Watts. Max Rating 20Amps. 64mm x 77mm x 29mm.<\/p>\n<p>R\u00e9sistant \u00e0 l\u2019eau et aux vibrations.<\/p>\n<p>Peut \u00eatre utilis\u00e9 en positif ou n\u00e9gatif \u00e0 la masse.<\/p>\n","protected":false},"featured_media":1433,"template":"","meta":{"_exactmetrics_skip_tracking":false,"_exactmetrics_sitenote_active":false,"_exactmetrics_sitenote_note":"","_exactmetrics_sitenote_category":0},"product_brand":[],"product_cat":[22],"product_tag":[],"class_list":{"0":"post-1438","1":"product","2":"type-product","3":"status-publish","4":"has-post-thumbnail","6":"product_cat-generateurs-fr","8":"first","9":"instock","10":"taxable","11":"shipping-taxable","12":"purchasable","13":"product-type-simple"},"yoast_head":"<!-- This site is optimized with the Yoast SEO plugin v27.4 - https:\/\/yoast.com\/product\/yoast-seo-wordpress\/ -->\n<title>Redresseur-r\u00e9gulateur \u2013 Podtronics - Alton<\/title>\n<meta name=\"robots\" content=\"index, follow, max-snippet:-1, max-image-preview:large, max-video-preview:-1\" \/>\n<link rel=\"canonical\" href=\"https:\/\/www.alton-france.com\/fr\/produit\/redresseur-regulateur-podtronics\/\" \/>\n<meta property=\"og:locale\" content=\"fr_FR\" \/>\n<meta property=\"og:type\" content=\"article\" \/>\n<meta property=\"og:title\" content=\"Redresseur-r\u00e9gulateur \u2013 Podtronics - Alton\" \/>\n<meta property=\"og:description\" content=\"Single Phase \u00ab\u00a0Hi-Power\u00a0\u00bb . Nominal rating 200Watts. Max Rating 20Amps. 64mm x 77mm x 29mm.  R\u00e9sistant \u00e0 l\u2019eau et aux vibrations.  Peut \u00eatre utilis\u00e9 en positif ou n\u00e9gatif \u00e0 la masse.\" \/>\n<meta property=\"og:url\" content=\"https:\/\/www.alton-france.com\/fr\/produit\/redresseur-regulateur-podtronics\/\" \/>\n<meta property=\"og:site_name\" content=\"Alton\" \/>\n<meta property=\"article:modified_time\" content=\"2020-08-27T13:04:50+00:00\" \/>\n<meta property=\"og:image\" content=\"https:\/\/www.alton-france.com\/wp-content\/uploads\/2020\/02\/20200116_105653-copier.jpg\" \/>\n\t<meta property=\"og:image:width\" content=\"1280\" \/>\n\t<meta property=\"og:image:height\" content=\"960\" \/>\n\t<meta property=\"og:image:type\" content=\"image\/jpeg\" \/>\n<meta name=\"twitter:card\" content=\"summary_large_image\" \/>\n<script type=\"application\/ld+json\" class=\"yoast-schema-graph\">{\"@context\":\"https:\\\/\\\/schema.org\",\"@graph\":[{\"@type\":\"WebPage\",\"@id\":\"https:\\\/\\\/www.alton-france.com\\\/fr\\\/produit\\\/redresseur-regulateur-podtronics\\\/\",\"url\":\"https:\\\/\\\/www.alton-france.com\\\/fr\\\/produit\\\/redresseur-regulateur-podtronics\\\/\",\"name\":\"Redresseur-r\u00e9gulateur \u2013 Podtronics - Alton\",\"isPartOf\":{\"@id\":\"https:\\\/\\\/www.alton-france.com\\\/#website\"},\"primaryImageOfPage\":{\"@id\":\"https:\\\/\\\/www.alton-france.com\\\/fr\\\/produit\\\/redresseur-regulateur-podtronics\\\/#primaryimage\"},\"image\":{\"@id\":\"https:\\\/\\\/www.alton-france.com\\\/fr\\\/produit\\\/redresseur-regulateur-podtronics\\\/#primaryimage\"},\"thumbnailUrl\":\"https:\\\/\\\/www.alton-france.com\\\/wp-content\\\/uploads\\\/2020\\\/02\\\/20200116_105653-copier.jpg\",\"datePublished\":\"2020-02-24T21:13:02+00:00\",\"dateModified\":\"2020-08-27T13:04:50+00:00\",\"breadcrumb\":{\"@id\":\"https:\\\/\\\/www.alton-france.com\\\/fr\\\/produit\\\/redresseur-regulateur-podtronics\\\/#breadcrumb\"},\"inLanguage\":\"fr-FR\",\"potentialAction\":[{\"@type\":\"ReadAction\",\"target\":[\"https:\\\/\\\/www.alton-france.com\\\/fr\\\/produit\\\/redresseur-regulateur-podtronics\\\/\"]}]},{\"@type\":\"ImageObject\",\"inLanguage\":\"fr-FR\",\"@id\":\"https:\\\/\\\/www.alton-france.com\\\/fr\\\/produit\\\/redresseur-regulateur-podtronics\\\/#primaryimage\",\"url\":\"https:\\\/\\\/www.alton-france.com\\\/wp-content\\\/uploads\\\/2020\\\/02\\\/20200116_105653-copier.jpg\",\"contentUrl\":\"https:\\\/\\\/www.alton-france.com\\\/wp-content\\\/uploads\\\/2020\\\/02\\\/20200116_105653-copier.jpg\",\"width\":1280,\"height\":960},{\"@type\":\"BreadcrumbList\",\"@id\":\"https:\\\/\\\/www.alton-france.com\\\/fr\\\/produit\\\/redresseur-regulateur-podtronics\\\/#breadcrumb\",\"itemListElement\":[{\"@type\":\"ListItem\",\"position\":1,\"name\":\"HOME\",\"item\":\"https:\\\/\\\/www.alton-france.com\\\/fr\\\/\"},{\"@type\":\"ListItem\",\"position\":2,\"name\":\"Shop\",\"item\":\"https:\\\/\\\/www.alton-france.com\\\/fr\\\/shop\\\/\"},{\"@type\":\"ListItem\",\"position\":3,\"name\":\"Redresseur-r\u00e9gulateur \u2013 Podtronics\"}]},{\"@type\":\"WebSite\",\"@id\":\"https:\\\/\\\/www.alton-france.com\\\/#website\",\"url\":\"https:\\\/\\\/www.alton-france.com\\\/\",\"name\":\"Alton\",\"description\":\"Fabricant et distributeur de d\u00e9marreur kit \u00e9lectrique\",\"potentialAction\":[{\"@type\":\"SearchAction\",\"target\":{\"@type\":\"EntryPoint\",\"urlTemplate\":\"https:\\\/\\\/www.alton-france.com\\\/?s={search_term_string}\"},\"query-input\":{\"@type\":\"PropertyValueSpecification\",\"valueRequired\":true,\"valueName\":\"search_term_string\"}}],\"inLanguage\":\"fr-FR\"}]}<\/script>\n<!-- \/ Yoast SEO plugin. -->","yoast_head_json":{"title":"Redresseur-r\u00e9gulateur \u2013 Podtronics - Alton","robots":{"index":"index","follow":"follow","max-snippet":"max-snippet:-1","max-image-preview":"max-image-preview:large","max-video-preview":"max-video-preview:-1"},"canonical":"https:\/\/www.alton-france.com\/fr\/produit\/redresseur-regulateur-podtronics\/","og_locale":"fr_FR","og_type":"article","og_title":"Redresseur-r\u00e9gulateur \u2013 Podtronics - Alton","og_description":"Single Phase \u00ab\u00a0Hi-Power\u00a0\u00bb . Nominal rating 200Watts. Max Rating 20Amps. 64mm x 77mm x 29mm.  R\u00e9sistant \u00e0 l\u2019eau et aux vibrations.  Peut \u00eatre utilis\u00e9 en positif ou n\u00e9gatif \u00e0 la masse.","og_url":"https:\/\/www.alton-france.com\/fr\/produit\/redresseur-regulateur-podtronics\/","og_site_name":"Alton","article_modified_time":"2020-08-27T13:04:50+00:00","og_image":[{"width":1280,"height":960,"url":"https:\/\/www.alton-france.com\/wp-content\/uploads\/2020\/02\/20200116_105653-copier.jpg","type":"image\/jpeg"}],"twitter_card":"summary_large_image","schema":{"@context":"https:\/\/schema.org","@graph":[{"@type":"WebPage","@id":"https:\/\/www.alton-france.com\/fr\/produit\/redresseur-regulateur-podtronics\/","url":"https:\/\/www.alton-france.com\/fr\/produit\/redresseur-regulateur-podtronics\/","name":"Redresseur-r\u00e9gulateur \u2013 Podtronics - Alton","isPartOf":{"@id":"https:\/\/www.alton-france.com\/#website"},"primaryImageOfPage":{"@id":"https:\/\/www.alton-france.com\/fr\/produit\/redresseur-regulateur-podtronics\/#primaryimage"},"image":{"@id":"https:\/\/www.alton-france.com\/fr\/produit\/redresseur-regulateur-podtronics\/#primaryimage"},"thumbnailUrl":"https:\/\/www.alton-france.com\/wp-content\/uploads\/2020\/02\/20200116_105653-copier.jpg","datePublished":"2020-02-24T21:13:02+00:00","dateModified":"2020-08-27T13:04:50+00:00","breadcrumb":{"@id":"https:\/\/www.alton-france.com\/fr\/produit\/redresseur-regulateur-podtronics\/#breadcrumb"},"inLanguage":"fr-FR","potentialAction":[{"@type":"ReadAction","target":["https:\/\/www.alton-france.com\/fr\/produit\/redresseur-regulateur-podtronics\/"]}]},{"@type":"ImageObject","inLanguage":"fr-FR","@id":"https:\/\/www.alton-france.com\/fr\/produit\/redresseur-regulateur-podtronics\/#primaryimage","url":"https:\/\/www.alton-france.com\/wp-content\/uploads\/2020\/02\/20200116_105653-copier.jpg","contentUrl":"https:\/\/www.alton-france.com\/wp-content\/uploads\/2020\/02\/20200116_105653-copier.jpg","width":1280,"height":960},{"@type":"BreadcrumbList","@id":"https:\/\/www.alton-france.com\/fr\/produit\/redresseur-regulateur-podtronics\/#breadcrumb","itemListElement":[{"@type":"ListItem","position":1,"name":"HOME","item":"https:\/\/www.alton-france.com\/fr\/"},{"@type":"ListItem","position":2,"name":"Shop","item":"https:\/\/www.alton-france.com\/fr\/shop\/"},{"@type":"ListItem","position":3,"name":"Redresseur-r\u00e9gulateur \u2013 Podtronics"}]},{"@type":"WebSite","@id":"https:\/\/www.alton-france.com\/#website","url":"https:\/\/www.alton-france.com\/","name":"Alton","description":"Fabricant et distributeur de d\u00e9marreur kit \u00e9lectrique","potentialAction":[{"@type":"SearchAction","target":{"@type":"EntryPoint","urlTemplate":"https:\/\/www.alton-france.com\/?s={search_term_string}"},"query-input":{"@type":"PropertyValueSpecification","valueRequired":true,"valueName":"search_term_string"}}],"inLanguage":"fr-FR"}]}},"_links":{"self":[{"href":"https:\/\/www.alton-france.com\/fr\/wp-json\/wp\/v2\/product\/1438","targetHints":{"allow":["GET"]}}],"collection":[{"href":"https:\/\/www.alton-france.com\/fr\/wp-json\/wp\/v2\/product"}],"about":[{"href":"https:\/\/www.alton-france.com\/fr\/wp-json\/wp\/v2\/types\/product"}],"wp:featuredmedia":[{"embeddable":true,"href":"https:\/\/www.alton-france.com\/fr\/wp-json\/wp\/v2\/media\/1433"}],"wp:attachment":[{"href":"https:\/\/www.alton-france.com\/fr\/wp-json\/wp\/v2\/media?parent=1438"}],"wp:term":[{"taxonomy":"product_brand","embeddable":true,"href":"https:\/\/www.alton-france.com\/fr\/wp-json\/wp\/v2\/product_brand?post=1438"},{"taxonomy":"product_cat","embeddable":true,"href":"https:\/\/www.alton-france.com\/fr\/wp-json\/wp\/v2\/product_cat?post=1438"},{"taxonomy":"product_tag","embeddable":true,"href":"https:\/\/www.alton-france.com\/fr\/wp-json\/wp\/v2\/product_tag?post=1438"}],"curies":[{"name":"wp","href":"https:\/\/api.w.org\/{rel}","templated":true}]}}