{"id":83,"date":"2017-01-08T13:37:20","date_gmt":"2017-01-08T12:37:20","guid":{"rendered":"http:\/\/alton-france.com\/?page_id=83\/"},"modified":"2025-10-21T14:14:56","modified_gmt":"2025-10-21T12:14:56","slug":"norton-demarreur-mk2-mkii","status":"publish","type":"page","link":"https:\/\/www.alton-france.com\/fr\/norton-demarreur-mk2-mkii\/","title":{"rendered":"D\u00e9marreurs pour Norton"},"content":{"rendered":"<div class=\"wpb-content-wrapper\">[vc_row fullwidth=\u00a0\u00bbtrue\u00a0\u00bb fullwidth_content=\u00a0\u00bbfalse\u00a0\u00bb css=\u00a0\u00bb.vc_custom_1483789022818{background-color: #000000 !important;}\u00a0\u00bb][vc_column][mk_image src=\u00a0\u00bbhttp:\/\/alton-france.com\/wp-content\/uploads\/2017\/01\/header.jpg\u00a0\u00bb image_size=\u00a0\u00bbfull\u00a0\u00bb align=\u00a0\u00bbcenter\u00a0\u00bb margin_bottom=\u00a0\u00bb0&Prime;][\/vc_column][\/vc_row][vc_row css=\u00a0\u00bb.vc_custom_1483790987289{margin-top: 20px !important;}\u00a0\u00bb][vc_column width=\u00a0\u00bb1\/3&Prime;][\/vc_column][vc_column width=\u00a0\u00bb1\/3&Prime;][mk_image src=\u00a0\u00bbhttp:\/\/alton-france.com\/wp-content\/uploads\/2017\/01\/eskn-norton-alton-moto.jpg\u00a0\u00bb image_size=\u00a0\u00bbfull\u00a0\u00bb align=\u00a0\u00bbcenter\u00a0\u00bb][\/vc_column][vc_column width=\u00a0\u00bb1\/3&Prime;][vc_column_text css=\u00a0\u00bb.vc_custom_1637660734421{margin-bottom: 0px !important;}\u00a0\u00bb]\n<h3>Disponibilit\u00e9 :<\/h3>\n<p><span style=\"color: #d48000;\"><strong>En stock, imm\u00e9diate<\/strong><\/span><\/p>\n<p><span style=\"color: #999999;\">1 \u00e0 3 semaines<\/span><\/p>\n<p><span style=\"color: #999999;\">3 \u00e0 5 semaines<\/span><\/p>\n<p><span style=\"color: #999999;\">\u00c0\u00a0la demande<\/span>[\/vc_column_text][\/vc_column][\/vc_row][vc_row fullwidth=\u00a0\u00bbtrue\u00a0\u00bb css=\u00a0\u00bb.vc_custom_1485183665763{background-color: #dadada !important;}\u00a0\u00bb][vc_column css=\u00a0\u00bb.vc_custom_1483791179252{padding-top: 10px !important;}\u00a0\u00bb][vc_column_text]\n<h3 style=\"text-align: center;\">&gt; Kit d\u00e9marreur \u00e9lectrique pour Norton Commando MKII-MKIIA<\/h3>\n[\/vc_column_text][\/vc_column][\/vc_row][vc_row css=\u00a0\u00bb.vc_custom_1483789520203{margin-top: 20px !important;}\u00a0\u00bb][vc_column][vc_column_text]<em><span style=\"font-size: 20px;\">\u00ab Certaines choses dans la vie valent la peine d&rsquo;attendre \u00bb<\/span><\/em>[\/vc_column_text][mk_divider style=\u00a0\u00bbthin_solid\u00a0\u00bb thin_single_color=\u00a0\u00bb#000000&Prime; thickness=\u00a0\u00bb2&Prime; margin_top=\u00a0\u00bb0&Prime; margin_bottom=\u00a0\u00bb10&Prime;][vc_column_text]En 2 heures environ, vous pouvez dire adieu au kick pour d\u00e9marrer votre Commando. Le eKit Alton s&rsquo;adapte directement sur le moteur par l&rsquo;interm\u00e9diaire d&rsquo;un carter de cha\u00eene interne sp\u00e9cialement con\u00e7u, fourni avec d\u00e9marreur d\u00e9j\u00e0 mont\u00e9. Une fois install\u00e9, replacez votre carter de cha\u00eene externe et partez en balade aussi loin que vous voulez.<\/p>\n<p><strong>Qu&rsquo;y a-t-il dans le eKit ?<\/strong><br \/>\nChaque eKit comprend un d\u00e9marreur, une cha\u00eene de transmission, un embrayage \u00e0 roue libre, un amortisseur, un alternateur, un carter \u00e0 cha\u00eene primaire, tous les c\u00e2bles et accessoires n\u00e9cessaires ainsi qu&rsquo;une notice d\u00e9taill\u00e9e et illustr\u00e9e pour un montage rapide et simple.<\/p>\n<p><strong>Performant, discret et 100 % r\u00e9versible.<\/strong><br \/>\nNous avons con\u00e7u le eKit aussi discret que possible. Nous respectons la forme sans pour autant sacrifier la fonction. Comme le carter ext\u00e9rieur d&rsquo;origine est conserv\u00e9, votre moto reste visuellement presqu&rsquo;authentique. Mais authenticit\u00e9 ne veut pas dire inefficacit\u00e9. En int\u00e9grant la technologie moderne, Alton a construit un eKit incluant un d\u00e9marreur puissant et un alternateur de150 watts maxi dont 90 \u00e0 95 watts \u00e0 une vitesse de croisi\u00e8re normale. Notre kit est con\u00e7u pour les syst\u00e8mes positifs \u00e0 la masse. Il suffit d&rsquo;ajouter une batterie \u00e0 haut rendement et, pour le montage, de disposer des outils bien connus des amateurs de Norton Commando : l&rsquo;extracteur de pignon moteur et l&rsquo;outil de\u00a0compression du ressort d&#8217;embrayage. Des conseils techniques sont disponibles aupr\u00e8s de nos revendeurs agr\u00e9\u00e9s et nous r\u00e9pondons par t\u00e9l\u00e9phone et par courriel \u00e0 toutes vos questions techniques. Avec une garantie de deux ans, pourquoi attendre ?<br \/>\nIl suffit d&rsquo;appuyer sur le bouton\u2026[\/vc_column_text][\/vc_column][\/vc_row][vc_row id=\u00a0\u00bbekitnorton1&Prime;][vc_column][vc_column_text]\n<h3 style=\"text-align: center;\">ALTON eKit\u00a0<strong><span style=\"font-size: 20px;\">NORTON<\/span><\/strong><\/h3>\n[\/vc_column_text][vc_row_inner][vc_column_inner][mk_image src=\u00a0\u00bbhttp:\/\/alton-france.com\/wp-content\/uploads\/2017\/01\/eskn-norton-pieces.jpg\u00a0\u00bb image_size=\u00a0\u00bbfull\u00a0\u00bb align=\u00a0\u00bbcenter\u00a0\u00bb][\/vc_column_inner][\/vc_row_inner][\/vc_column][\/vc_row][vc_row][vc_column][mk_divider style=\u00a0\u00bbthin_solid\u00a0\u00bb thin_single_color=\u00a0\u00bb#000000&Prime; thickness=\u00a0\u00bb2&Prime; margin_top=\u00a0\u00bb0&Prime; margin_bottom=\u00a0\u00bb10&Prime;][vc_column_text css=\u00a0\u00bb.vc_custom_1581954805203{margin-bottom: 0px !important;}\u00a0\u00bb]\n<h3 style=\"text-align: center;\">Clients satisfaits<\/h3>\n[\/vc_column_text][mk_gallery images=\u00a0\u00bb1282,1284,1286,1288,1290,1292,1294,1296&Prime; column=\u00a0\u00bb4&Prime; image_size=\u00a0\u00bbfull\u00a0\u00bb][\/vc_column][\/vc_row][vc_row css=\u00a0\u00bb.vc_custom_1484584513566{margin-top: 20px !important;}\u00a0\u00bb][vc_column][mk_divider style=\u00a0\u00bbthin_solid\u00a0\u00bb thin_single_color=\u00a0\u00bb#000000&Prime; thickness=\u00a0\u00bb2&Prime; margin_top=\u00a0\u00bb0&Prime; margin_bottom=\u00a0\u00bb10&Prime;][vc_column_text]\n<h3 style=\"text-align: center;\">ALTON eKit <strong>NORTON EN VID\u00c9O<\/strong><\/h3>\n[\/vc_column_text][\/vc_column][\/vc_row][vc_row css=\u00a0\u00bb.vc_custom_1484584689194{margin-top: 20px !important;}\u00a0\u00bb][vc_column width=\u00a0\u00bb1\/2&Prime;][vc_video link=\u00a0\u00bbhttps:\/\/www.youtube.com\/watch?v=8fb1dNScoIg\u00a0\u00bb][mk_divider style=\u00a0\u00bbpadding_space\u00a0\u00bb][vc_video link=\u00a0\u00bbhttps:\/\/youtu.be\/caFCpJW9qyo\u00a0\u00bb][\/vc_column][vc_column width=\u00a0\u00bb1\/2&Prime;][vc_video link=\u00a0\u00bbhttps:\/\/www.youtube.com\/watch?v=UsXBxBfIcKk\u00a0\u00bb el_class=\u00a0\u00bbE-kit starter for Norton &#8211; made by Alton\u00a0\u00bb][mk_divider style=\u00a0\u00bbpadding_space\u00a0\u00bb][vc_video link=\u00a0\u00bbhttps:\/\/www.youtube.com\/watch?v=XlM90xBeZnw\u00a0\u00bb][\/vc_column][\/vc_row][vc_row][vc_column][mk_divider style=\u00a0\u00bbthin_solid\u00a0\u00bb thin_single_color=\u00a0\u00bb#000000&Prime; thickness=\u00a0\u00bb2&Prime;][vc_column_text css=\u00a0\u00bb.vc_custom_1581954650972{margin-bottom: 0px !important;}\u00a0\u00bb]\n<h3 style=\"text-align: center;\">Notice d\u2019installation<\/h3>\n[\/vc_column_text][mk_image src=\u00a0\u00bbhttps:\/\/www.alton-france.com\/wp-content\/uploads\/2020\/02\/electric-starter-kit-notice-1.jpg\u00a0\u00bb image_size=\u00a0\u00bbmedium\u00a0\u00bb link=\u00a0\u00bbhttps:\/\/www.alton-france.com\/wp-content\/uploads\/2020\/09\/notice-eskn-montage-fr.pdf\u00a0\u00bb target=\u00a0\u00bb_blank\u00a0\u00bb align=\u00a0\u00bbcenter\u00a0\u00bb][\/vc_column][\/vc_row]\n<\/div>","protected":false},"excerpt":{"rendered":"<p>[vc_row fullwidth=\u00a0\u00bbtrue\u00a0\u00bb fullwidth_content=\u00a0\u00bbfalse\u00a0\u00bb css=\u00a0\u00bb.vc_custom_1483789022818{background-color: #000000 !important;}\u00a0\u00bb][vc_column][mk_image src=\u00a0\u00bbhttp:\/\/alton-france.com\/wp-content\/uploads\/2017\/01\/header.jpg\u00a0\u00bb image_size=\u00a0\u00bbfull\u00a0\u00bb align=\u00a0\u00bbcenter\u00a0\u00bb margin_bottom=\u00a0\u00bb0&Prime;][\/vc_column][\/vc_row][vc_row css=\u00a0\u00bb.vc_custom_1483790987289{margin-top: 20px !important;}\u00a0\u00bb][vc_column width=\u00a0\u00bb1\/3&Prime;][\/vc_column][vc_column width=\u00a0\u00bb1\/3&Prime;][mk_image src=\u00a0\u00bbhttp:\/\/alton-france.com\/wp-content\/uploads\/2017\/01\/eskn-norton-alton-moto.jpg\u00a0\u00bb image_size=\u00a0\u00bbfull\u00a0\u00bb align=\u00a0\u00bbcenter\u00a0\u00bb][\/vc_column][vc_column width=\u00a0\u00bb1\/3&Prime;][vc_column_text css=\u00a0\u00bb.vc_custom_1637660734421{margin-bottom: 0px !important;}\u00a0\u00bb] Disponibilit\u00e9 : En stock, imm\u00e9diate 1 \u00e0 3 semaines 3 \u00e0 5 semaines \u00c0\u00a0la demande[\/vc_column_text][\/vc_column][\/vc_row][vc_row fullwidth=\u00a0\u00bbtrue\u00a0\u00bb css=\u00a0\u00bb.vc_custom_1485183665763{background-color: #dadada !important;}\u00a0\u00bb][vc_column css=\u00a0\u00bb.vc_custom_1483791179252{padding-top: 10px !important;}\u00a0\u00bb][vc_column_text] &gt; Kit d\u00e9marreur \u00e9lectrique pour Norton Commando MKII-MKIIA [\/vc_column_text][\/vc_column][\/vc_row][vc_row css=\u00a0\u00bb.vc_custom_1483789520203{margin-top: 20px [&hellip;]<\/p>\n","protected":false},"author":2,"featured_media":0,"parent":0,"menu_order":0,"comment_status":"closed","ping_status":"closed","template":"","meta":{"_exactmetrics_skip_tracking":false,"_exactmetrics_sitenote_active":false,"_exactmetrics_sitenote_note":"","_exactmetrics_sitenote_category":0,"footnotes":""},"class_list":["post-83","page","type-page","status-publish","hentry"],"yoast_head":"<!-- This site is optimized with the Yoast SEO plugin v27.4 - https:\/\/yoast.com\/product\/yoast-seo-wordpress\/ -->\n<title>Kit d\u00e9marreur \u00e9lectrique Alton Norton Commando MK2\/MKII<\/title>\n<meta name=\"description\" content=\"Fini le kick ! Installez-le simplement (2h), puissant, alternateur 150W, discret. 100% r\u00e9versible. Garantie 2 ans\" \/>\n<meta name=\"robots\" content=\"index, follow, max-snippet:-1, max-image-preview:large, max-video-preview:-1\" \/>\n<link rel=\"canonical\" href=\"https:\/\/www.alton-france.com\/fr\/norton-demarreur-mk2-mkii\/\" \/>\n<meta property=\"og:locale\" content=\"fr_FR\" \/>\n<meta property=\"og:type\" content=\"article\" \/>\n<meta property=\"og:title\" content=\"Kit d\u00e9marreur \u00e9lectrique Alton Norton Commando MK2\/MKII\" \/>\n<meta property=\"og:description\" content=\"Fini le kick ! Installez-le simplement (2h), puissant, alternateur 150W, discret. 100% r\u00e9versible. Garantie 2 ans\" \/>\n<meta property=\"og:url\" content=\"https:\/\/www.alton-france.com\/fr\/norton-demarreur-mk2-mkii\/\" \/>\n<meta property=\"og:site_name\" content=\"Alton\" \/>\n<meta property=\"article:modified_time\" content=\"2025-10-21T12:14:56+00:00\" \/>\n<meta name=\"twitter:card\" content=\"summary_large_image\" \/>\n<meta name=\"twitter:label1\" content=\"Dur\u00e9e de lecture estim\u00e9e\" \/>\n\t<meta name=\"twitter:data1\" content=\"3 minutes\" \/>\n<script type=\"application\/ld+json\" class=\"yoast-schema-graph\">{\"@context\":\"https:\\\/\\\/schema.org\",\"@graph\":[{\"@type\":\"WebPage\",\"@id\":\"https:\\\/\\\/www.alton-france.com\\\/fr\\\/norton-demarreur-mk2-mkii\\\/\",\"url\":\"https:\\\/\\\/www.alton-france.com\\\/fr\\\/norton-demarreur-mk2-mkii\\\/\",\"name\":\"Kit d\u00e9marreur \u00e9lectrique Alton Norton Commando MK2\\\/MKII\",\"isPartOf\":{\"@id\":\"https:\\\/\\\/www.alton-france.com\\\/#website\"},\"datePublished\":\"2017-01-08T12:37:20+00:00\",\"dateModified\":\"2025-10-21T12:14:56+00:00\",\"description\":\"Fini le kick ! Installez-le simplement (2h), puissant, alternateur 150W, discret. 100% r\u00e9versible. Garantie 2 ans\",\"breadcrumb\":{\"@id\":\"https:\\\/\\\/www.alton-france.com\\\/fr\\\/norton-demarreur-mk2-mkii\\\/#breadcrumb\"},\"inLanguage\":\"fr-FR\",\"potentialAction\":[{\"@type\":\"ReadAction\",\"target\":[\"https:\\\/\\\/www.alton-france.com\\\/fr\\\/norton-demarreur-mk2-mkii\\\/\"]}]},{\"@type\":\"BreadcrumbList\",\"@id\":\"https:\\\/\\\/www.alton-france.com\\\/fr\\\/norton-demarreur-mk2-mkii\\\/#breadcrumb\",\"itemListElement\":[{\"@type\":\"ListItem\",\"position\":1,\"name\":\"HOME\",\"item\":\"https:\\\/\\\/www.alton-france.com\\\/fr\\\/\"},{\"@type\":\"ListItem\",\"position\":2,\"name\":\"D\u00e9marreurs pour Norton\"}]},{\"@type\":\"WebSite\",\"@id\":\"https:\\\/\\\/www.alton-france.com\\\/#website\",\"url\":\"https:\\\/\\\/www.alton-france.com\\\/\",\"name\":\"Alton\",\"description\":\"Fabricant et distributeur de d\u00e9marreur kit \u00e9lectrique\",\"potentialAction\":[{\"@type\":\"SearchAction\",\"target\":{\"@type\":\"EntryPoint\",\"urlTemplate\":\"https:\\\/\\\/www.alton-france.com\\\/?s={search_term_string}\"},\"query-input\":{\"@type\":\"PropertyValueSpecification\",\"valueRequired\":true,\"valueName\":\"search_term_string\"}}],\"inLanguage\":\"fr-FR\"}]}<\/script>\n<!-- \/ Yoast SEO plugin. -->","yoast_head_json":{"title":"Kit d\u00e9marreur \u00e9lectrique Alton Norton Commando MK2\/MKII","description":"Fini le kick ! Installez-le simplement (2h), puissant, alternateur 150W, discret. 100% r\u00e9versible. Garantie 2 ans","robots":{"index":"index","follow":"follow","max-snippet":"max-snippet:-1","max-image-preview":"max-image-preview:large","max-video-preview":"max-video-preview:-1"},"canonical":"https:\/\/www.alton-france.com\/fr\/norton-demarreur-mk2-mkii\/","og_locale":"fr_FR","og_type":"article","og_title":"Kit d\u00e9marreur \u00e9lectrique Alton Norton Commando MK2\/MKII","og_description":"Fini le kick ! Installez-le simplement (2h), puissant, alternateur 150W, discret. 100% r\u00e9versible. Garantie 2 ans","og_url":"https:\/\/www.alton-france.com\/fr\/norton-demarreur-mk2-mkii\/","og_site_name":"Alton","article_modified_time":"2025-10-21T12:14:56+00:00","twitter_card":"summary_large_image","twitter_misc":{"Dur\u00e9e de lecture estim\u00e9e":"3 minutes"},"schema":{"@context":"https:\/\/schema.org","@graph":[{"@type":"WebPage","@id":"https:\/\/www.alton-france.com\/fr\/norton-demarreur-mk2-mkii\/","url":"https:\/\/www.alton-france.com\/fr\/norton-demarreur-mk2-mkii\/","name":"Kit d\u00e9marreur \u00e9lectrique Alton Norton Commando MK2\/MKII","isPartOf":{"@id":"https:\/\/www.alton-france.com\/#website"},"datePublished":"2017-01-08T12:37:20+00:00","dateModified":"2025-10-21T12:14:56+00:00","description":"Fini le kick ! Installez-le simplement (2h), puissant, alternateur 150W, discret. 100% r\u00e9versible. Garantie 2 ans","breadcrumb":{"@id":"https:\/\/www.alton-france.com\/fr\/norton-demarreur-mk2-mkii\/#breadcrumb"},"inLanguage":"fr-FR","potentialAction":[{"@type":"ReadAction","target":["https:\/\/www.alton-france.com\/fr\/norton-demarreur-mk2-mkii\/"]}]},{"@type":"BreadcrumbList","@id":"https:\/\/www.alton-france.com\/fr\/norton-demarreur-mk2-mkii\/#breadcrumb","itemListElement":[{"@type":"ListItem","position":1,"name":"HOME","item":"https:\/\/www.alton-france.com\/fr\/"},{"@type":"ListItem","position":2,"name":"D\u00e9marreurs pour Norton"}]},{"@type":"WebSite","@id":"https:\/\/www.alton-france.com\/#website","url":"https:\/\/www.alton-france.com\/","name":"Alton","description":"Fabricant et distributeur de d\u00e9marreur kit \u00e9lectrique","potentialAction":[{"@type":"SearchAction","target":{"@type":"EntryPoint","urlTemplate":"https:\/\/www.alton-france.com\/?s={search_term_string}"},"query-input":{"@type":"PropertyValueSpecification","valueRequired":true,"valueName":"search_term_string"}}],"inLanguage":"fr-FR"}]}},"_links":{"self":[{"href":"https:\/\/www.alton-france.com\/fr\/wp-json\/wp\/v2\/pages\/83","targetHints":{"allow":["GET"]}}],"collection":[{"href":"https:\/\/www.alton-france.com\/fr\/wp-json\/wp\/v2\/pages"}],"about":[{"href":"https:\/\/www.alton-france.com\/fr\/wp-json\/wp\/v2\/types\/page"}],"author":[{"embeddable":true,"href":"https:\/\/www.alton-france.com\/fr\/wp-json\/wp\/v2\/users\/2"}],"replies":[{"embeddable":true,"href":"https:\/\/www.alton-france.com\/fr\/wp-json\/wp\/v2\/comments?post=83"}],"version-history":[{"count":68,"href":"https:\/\/www.alton-france.com\/fr\/wp-json\/wp\/v2\/pages\/83\/revisions"}],"predecessor-version":[{"id":1965,"href":"https:\/\/www.alton-france.com\/fr\/wp-json\/wp\/v2\/pages\/83\/revisions\/1965"}],"wp:attachment":[{"href":"https:\/\/www.alton-france.com\/fr\/wp-json\/wp\/v2\/media?parent=83"}],"curies":[{"name":"wp","href":"https:\/\/api.w.org\/{rel}","templated":true}]}}