{"id":30,"date":"2017-01-07T12:01:31","date_gmt":"2017-01-07T11:01:31","guid":{"rendered":"http:\/\/alton-france.com\/?page_id=30\/"},"modified":"2025-12-12T10:08:16","modified_gmt":"2025-12-12T09:08:16","slug":"qui-sommes-nous","status":"publish","type":"page","link":"https:\/\/www.alton-france.com\/fr\/qui-sommes-nous\/","title":{"rendered":"Qui sommes-nous ?"},"content":{"rendered":"<div class=\"wpb-content-wrapper\">[vc_row fullwidth=\u00a0\u00bbtrue\u00a0\u00bb fullwidth_content=\u00a0\u00bbfalse\u00a0\u00bb css=\u00a0\u00bb.vc_custom_1483789022818{background-color: #000000 !important;}\u00a0\u00bb][vc_column][mk_image src=\u00a0\u00bbhttp:\/\/alton-france.com\/wp-content\/uploads\/2017\/01\/header.jpg\u00a0\u00bb image_size=\u00a0\u00bbfull\u00a0\u00bb align=\u00a0\u00bbcenter\u00a0\u00bb margin_bottom=\u00a0\u00bb0&Prime;][\/vc_column][\/vc_row][vc_row css=\u00a0\u00bb.vc_custom_1483789520203{margin-top: 20px !important;}\u00a0\u00bb][vc_column][vc_column_text css=\u00a0\u00bb.vc_custom_1765530390943{margin-bottom: 0px !important;}\u00a0\u00bb]\n<h3><\/h3>\n<h3 style=\"text-align: center;\">ALTON, UNE HISTOIRE INCROYABLE<\/h3>\n[\/vc_column_text][vc_column_text margin_bottom=\u00a0\u00bb0&Prime; css=\u00a0\u00bb.vc_custom_1765530493501{margin-bottom: 0px !important;}\u00a0\u00bb]\n<p>ALTON, c\u2019est l\u2019alliance de l\u2019innovation et de l\u2019expertise technologique, sp\u00e9cifiquement adapt\u00e9es aux contraintes mat\u00e9rielles des v\u00e9hicules anciens. Notre mission est d&rsquo;insuffler une technologie moderne et fiable aux motos classiques, sans jamais en d\u00e9naturer l&rsquo;h\u00e9ritage.<\/p>\n<h3>Notre histoire et notre philosophie<\/h3>\n<h4><strong>Gen\u00e8se de l&rsquo;innovation<\/strong><\/h4>\n<p>Passionn\u00e9 par les d\u00e9fis technologiques et par les motos classiques anglaises, Paul Hamon a d\u00e9cid\u00e9 au d\u00e9but des ann\u00e9es 2000 de se consacrer au d\u00e9veloppement, \u00e0 la fabrication et \u00e0 la commercialisation de solutions \u00e9lectriques innovantes. En 2002, ALTON est officiellement n\u00e9.<\/p>\n<p>Depuis plus de 20 ans, ALTON con\u00e7oit, fabrique, teste et vend des produits tr\u00e8s sp\u00e9cialis\u00e9s : des <strong>g\u00e9n\u00e9rateurs \u00e9lectriques<\/strong> et des <strong>kits d\u00e9marreurs \u00e9lectriques<\/strong>. Ces produits sont destin\u00e9s exclusivement \u00e0 diff\u00e9rentes marques de motos classiques anglaises, telles que Norton, V\u00e9locette, BSA, Triumph et Vincent.<\/p>\n<h4><strong>Le respect du patrimoine<\/strong><\/h4>\n<p>Notre d\u00e9marche originale de conception consiste \u00e0 cr\u00e9er des objets se substituant \u00e0 ceux d&rsquo;origine gr\u00e2ce \u00e0 des combinaisons et des choix de technologies modernes. L\u2019objectif est d\u2019adapter les options technologiques aux contraintes mat\u00e9rielles sp\u00e9cifiques du v\u00e9hicule ancien.<\/p>\n<p>Notre contrainte fondamentale est de <strong>respecter le caract\u00e8re patrimonial<\/strong> des v\u00e9hicules classiques et de ne pas d\u00e9naturer l\u2019apparence ext\u00e9rieure de ces motos d\u2019\u00e9poque. Nous garantissons de plus qu\u2019un retour \u00e0 la configuration d\u2019origine reste possible.<\/p>\n<h3>Notre expertise et notre port\u00e9e<\/h3>\n<p>ALTON a d\u00e9velopp\u00e9 un savoir-faire unique et original pour la r\u00e9alisation de ses produits en <strong>petites et moyennes s\u00e9ries<\/strong>, ce qui rel\u00e8ve d\u2019un d\u00e9fi technologique peu commun.<\/p>\n<p>Notre production est artisanale mais in\u00e9dite, combinant des comp\u00e9tences \u00e9lectromagn\u00e9tiques et \u00e9lectrom\u00e9caniques qui sont rarement rassembl\u00e9es.<\/p>\n<p>Forts de plus de 20 ans d\u2019exp\u00e9rience dans la commercialisation \u00e0 l\u2019international, nous nous appuyons sur une connaissance tr\u00e8s fine de notre client\u00e8le :<\/p>\n<ul>\n<li>Nous exportons nos produits dans <strong>plus de 30 pays<\/strong> \u00e0 travers le monde.<\/li>\n<li><strong>90 %<\/strong> de notre activit\u00e9 s\u2019adresse \u00e0 une client\u00e8le professionnelle (restaurateurs de motos anglaises ou soci\u00e9t\u00e9s de vente de pi\u00e8ces d\u00e9tach\u00e9es), faisant de nous un partenaire B2B privil\u00e9gi\u00e9.<\/li>\n<li><strong>10 %<\/strong> de notre client\u00e8le est constitu\u00e9e de particuliers avertis, en vente par correspondance (VPC).<\/li>\n<\/ul>\n<h3>La continuit\u00e9 d&rsquo;Alton<\/h3>\n<p>C&rsquo;est avec une profonde \u00e9motion que nous avons annonc\u00e9 le d\u00e9part de notre fondateur, <strong>Paul Hamon<\/strong>, en juin 2025.<\/p>\n<p>Aujourd&rsquo;hui, <strong>C\u00e9cile Ferec<\/strong>, son \u00e9pouse, a repris la direction de l&rsquo;entreprise et assure sa continuit\u00e9, perp\u00e9tuant ainsi l&rsquo;engagement initial de Paul.<\/p>\n<p>Elle est entour\u00e9e par <strong>Laurent, Arnaud et Sylvain<\/strong>, qui constituent l&rsquo;\u00e9quipe op\u00e9rationnelle (un responsable de production et deux op\u00e9rateurs). Ensemble, nous assurons la continuit\u00e9 de notre mission unique : servir le march\u00e9 des motos classiques anglaises.<\/p>\n<p>Forts de cette expertise, nous nous positionnons sur un march\u00e9 de niche \u00e0 l&rsquo;international, en \u00e9troite collaboration avec notre r\u00e9seau de distributeurs pour satisfaire les attentes de notre client\u00e8le d&rsquo;amateurs avertis et exigeants.<\/p>\n<p>Votre confiance est notre moteur.[\/vc_column_text][vc_single_image image=\u00a0\u00bb2955&Prime; img_size=\u00a0\u00bbmedium\u00a0\u00bb alignment=\u00a0\u00bbcenter\u00a0\u00bb css=\u00a0\u00bb\u00a0\u00bb][\/vc_column][\/vc_row][vc_row][vc_column][\/vc_column][\/vc_row]\n<\/div>","protected":false},"excerpt":{"rendered":"<p>[vc_row fullwidth=\u00a0\u00bbtrue\u00a0\u00bb fullwidth_content=\u00a0\u00bbfalse\u00a0\u00bb css=\u00a0\u00bb.vc_custom_1483789022818{background-color: #000000 !important;}\u00a0\u00bb][vc_column][mk_image src=\u00a0\u00bbhttp:\/\/alton-france.com\/wp-content\/uploads\/2017\/01\/header.jpg\u00a0\u00bb image_size=\u00a0\u00bbfull\u00a0\u00bb align=\u00a0\u00bbcenter\u00a0\u00bb margin_bottom=\u00a0\u00bb0&Prime;][\/vc_column][\/vc_row][vc_row css=\u00a0\u00bb.vc_custom_1483789520203{margin-top: 20px !important;}\u00a0\u00bb][vc_column][vc_column_text css=\u00a0\u00bb.vc_custom_1765530390943{margin-bottom: 0px !important;}\u00a0\u00bb] ALTON, UNE HISTOIRE INCROYABLE [\/vc_column_text][vc_column_text margin_bottom=\u00a0\u00bb0&Prime; css=\u00a0\u00bb.vc_custom_1765530493501{margin-bottom: 0px !important;}\u00a0\u00bb] ALTON, c\u2019est l\u2019alliance de l\u2019innovation et de l\u2019expertise technologique, sp\u00e9cifiquement adapt\u00e9es aux contraintes mat\u00e9rielles des v\u00e9hicules anciens. Notre mission est d&rsquo;insuffler une technologie moderne et fiable aux motos classiques, sans [&hellip;]<\/p>\n","protected":false},"author":2,"featured_media":0,"parent":0,"menu_order":0,"comment_status":"closed","ping_status":"closed","template":"","meta":{"_exactmetrics_skip_tracking":false,"_exactmetrics_sitenote_active":false,"_exactmetrics_sitenote_note":"","_exactmetrics_sitenote_category":0,"footnotes":""},"class_list":["post-30","page","type-page","status-publish","hentry"],"yoast_head":"<!-- This site is optimized with the Yoast SEO plugin v27.4 - https:\/\/yoast.com\/product\/yoast-seo-wordpress\/ -->\n<title>Qui sommes-nous ? L&#039;histoire d&#039;Alton, fabricant de kits d\u00e9marreurs.<\/title>\n<meta name=\"description\" content=\"D\u00e9couvrez l&#039;histoire d&#039;Alton, soci\u00e9t\u00e9 fran\u00e7aise passionn\u00e9e par les motos britanniques classiques depuis 2002.\" \/>\n<meta name=\"robots\" content=\"index, follow, max-snippet:-1, max-image-preview:large, max-video-preview:-1\" \/>\n<link rel=\"canonical\" href=\"https:\/\/www.alton-france.com\/fr\/qui-sommes-nous\/\" \/>\n<meta property=\"og:locale\" content=\"fr_FR\" \/>\n<meta property=\"og:type\" content=\"article\" \/>\n<meta property=\"og:title\" content=\"Qui sommes-nous ? L&#039;histoire d&#039;Alton, fabricant de kits d\u00e9marreurs.\" \/>\n<meta property=\"og:description\" content=\"D\u00e9couvrez l&#039;histoire d&#039;Alton, soci\u00e9t\u00e9 fran\u00e7aise passionn\u00e9e par les motos britanniques classiques depuis 2002.\" \/>\n<meta property=\"og:url\" content=\"https:\/\/www.alton-france.com\/fr\/qui-sommes-nous\/\" \/>\n<meta property=\"og:site_name\" content=\"Alton\" \/>\n<meta property=\"article:modified_time\" content=\"2025-12-12T09:08:16+00:00\" \/>\n<meta name=\"twitter:card\" content=\"summary_large_image\" \/>\n<meta name=\"twitter:label1\" content=\"Dur\u00e9e de lecture estim\u00e9e\" \/>\n\t<meta name=\"twitter:data1\" content=\"3 minutes\" \/>\n<script type=\"application\/ld+json\" class=\"yoast-schema-graph\">{\"@context\":\"https:\\\/\\\/schema.org\",\"@graph\":[{\"@type\":\"WebPage\",\"@id\":\"https:\\\/\\\/www.alton-france.com\\\/fr\\\/qui-sommes-nous\\\/\",\"url\":\"https:\\\/\\\/www.alton-france.com\\\/fr\\\/qui-sommes-nous\\\/\",\"name\":\"Qui sommes-nous ? L'histoire d'Alton, fabricant de kits d\u00e9marreurs.\",\"isPartOf\":{\"@id\":\"https:\\\/\\\/www.alton-france.com\\\/#website\"},\"datePublished\":\"2017-01-07T11:01:31+00:00\",\"dateModified\":\"2025-12-12T09:08:16+00:00\",\"description\":\"D\u00e9couvrez l'histoire d'Alton, soci\u00e9t\u00e9 fran\u00e7aise passionn\u00e9e par les motos britanniques classiques depuis 2002.\",\"breadcrumb\":{\"@id\":\"https:\\\/\\\/www.alton-france.com\\\/fr\\\/qui-sommes-nous\\\/#breadcrumb\"},\"inLanguage\":\"fr-FR\",\"potentialAction\":[{\"@type\":\"ReadAction\",\"target\":[\"https:\\\/\\\/www.alton-france.com\\\/fr\\\/qui-sommes-nous\\\/\"]}]},{\"@type\":\"BreadcrumbList\",\"@id\":\"https:\\\/\\\/www.alton-france.com\\\/fr\\\/qui-sommes-nous\\\/#breadcrumb\",\"itemListElement\":[{\"@type\":\"ListItem\",\"position\":1,\"name\":\"HOME\",\"item\":\"https:\\\/\\\/www.alton-france.com\\\/fr\\\/\"},{\"@type\":\"ListItem\",\"position\":2,\"name\":\"Qui sommes-nous ?\"}]},{\"@type\":\"WebSite\",\"@id\":\"https:\\\/\\\/www.alton-france.com\\\/#website\",\"url\":\"https:\\\/\\\/www.alton-france.com\\\/\",\"name\":\"Alton\",\"description\":\"Fabricant et distributeur de d\u00e9marreur kit \u00e9lectrique\",\"potentialAction\":[{\"@type\":\"SearchAction\",\"target\":{\"@type\":\"EntryPoint\",\"urlTemplate\":\"https:\\\/\\\/www.alton-france.com\\\/?s={search_term_string}\"},\"query-input\":{\"@type\":\"PropertyValueSpecification\",\"valueRequired\":true,\"valueName\":\"search_term_string\"}}],\"inLanguage\":\"fr-FR\"}]}<\/script>\n<!-- \/ Yoast SEO plugin. -->","yoast_head_json":{"title":"Qui sommes-nous ? L'histoire d'Alton, fabricant de kits d\u00e9marreurs.","description":"D\u00e9couvrez l'histoire d'Alton, soci\u00e9t\u00e9 fran\u00e7aise passionn\u00e9e par les motos britanniques classiques depuis 2002.","robots":{"index":"index","follow":"follow","max-snippet":"max-snippet:-1","max-image-preview":"max-image-preview:large","max-video-preview":"max-video-preview:-1"},"canonical":"https:\/\/www.alton-france.com\/fr\/qui-sommes-nous\/","og_locale":"fr_FR","og_type":"article","og_title":"Qui sommes-nous ? L'histoire d'Alton, fabricant de kits d\u00e9marreurs.","og_description":"D\u00e9couvrez l'histoire d'Alton, soci\u00e9t\u00e9 fran\u00e7aise passionn\u00e9e par les motos britanniques classiques depuis 2002.","og_url":"https:\/\/www.alton-france.com\/fr\/qui-sommes-nous\/","og_site_name":"Alton","article_modified_time":"2025-12-12T09:08:16+00:00","twitter_card":"summary_large_image","twitter_misc":{"Dur\u00e9e de lecture estim\u00e9e":"3 minutes"},"schema":{"@context":"https:\/\/schema.org","@graph":[{"@type":"WebPage","@id":"https:\/\/www.alton-france.com\/fr\/qui-sommes-nous\/","url":"https:\/\/www.alton-france.com\/fr\/qui-sommes-nous\/","name":"Qui sommes-nous ? L'histoire d'Alton, fabricant de kits d\u00e9marreurs.","isPartOf":{"@id":"https:\/\/www.alton-france.com\/#website"},"datePublished":"2017-01-07T11:01:31+00:00","dateModified":"2025-12-12T09:08:16+00:00","description":"D\u00e9couvrez l'histoire d'Alton, soci\u00e9t\u00e9 fran\u00e7aise passionn\u00e9e par les motos britanniques classiques depuis 2002.","breadcrumb":{"@id":"https:\/\/www.alton-france.com\/fr\/qui-sommes-nous\/#breadcrumb"},"inLanguage":"fr-FR","potentialAction":[{"@type":"ReadAction","target":["https:\/\/www.alton-france.com\/fr\/qui-sommes-nous\/"]}]},{"@type":"BreadcrumbList","@id":"https:\/\/www.alton-france.com\/fr\/qui-sommes-nous\/#breadcrumb","itemListElement":[{"@type":"ListItem","position":1,"name":"HOME","item":"https:\/\/www.alton-france.com\/fr\/"},{"@type":"ListItem","position":2,"name":"Qui sommes-nous ?"}]},{"@type":"WebSite","@id":"https:\/\/www.alton-france.com\/#website","url":"https:\/\/www.alton-france.com\/","name":"Alton","description":"Fabricant et distributeur de d\u00e9marreur kit \u00e9lectrique","potentialAction":[{"@type":"SearchAction","target":{"@type":"EntryPoint","urlTemplate":"https:\/\/www.alton-france.com\/?s={search_term_string}"},"query-input":{"@type":"PropertyValueSpecification","valueRequired":true,"valueName":"search_term_string"}}],"inLanguage":"fr-FR"}]}},"_links":{"self":[{"href":"https:\/\/www.alton-france.com\/fr\/wp-json\/wp\/v2\/pages\/30","targetHints":{"allow":["GET"]}}],"collection":[{"href":"https:\/\/www.alton-france.com\/fr\/wp-json\/wp\/v2\/pages"}],"about":[{"href":"https:\/\/www.alton-france.com\/fr\/wp-json\/wp\/v2\/types\/page"}],"author":[{"embeddable":true,"href":"https:\/\/www.alton-france.com\/fr\/wp-json\/wp\/v2\/users\/2"}],"replies":[{"embeddable":true,"href":"https:\/\/www.alton-france.com\/fr\/wp-json\/wp\/v2\/comments?post=30"}],"version-history":[{"count":23,"href":"https:\/\/www.alton-france.com\/fr\/wp-json\/wp\/v2\/pages\/30\/revisions"}],"predecessor-version":[{"id":3064,"href":"https:\/\/www.alton-france.com\/fr\/wp-json\/wp\/v2\/pages\/30\/revisions\/3064"}],"wp:attachment":[{"href":"https:\/\/www.alton-france.com\/fr\/wp-json\/wp\/v2\/media?parent=30"}],"curies":[{"name":"wp","href":"https:\/\/api.w.org\/{rel}","templated":true}]}}