{"id":2,"date":"2017-01-04T19:57:20","date_gmt":"2017-01-04T18:57:20","guid":{"rendered":"http:\/\/alton-france.com\/?page_id=2"},"modified":"2025-12-12T10:20:24","modified_gmt":"2025-12-12T09:20:24","slug":"accueil","status":"publish","type":"page","link":"https:\/\/www.alton-france.com\/fr\/","title":{"rendered":"Accueil"},"content":{"rendered":"<div class=\"wpb-content-wrapper\">[vc_row fullwidth=\u00a0\u00bbtrue\u00a0\u00bb fullwidth_content=\u00a0\u00bbfalse\u00a0\u00bb css=\u00a0\u00bb.vc_custom_1483785182822{border-bottom-width: 3px !important;background-color: #000000 !important;border-bottom-color: #f39200 !important;border-bottom-style: solid !important;}\u00a0\u00bb][vc_column][mk_image src=\u00a0\u00bbhttp:\/\/alton-france.com\/wp-content\/uploads\/2017\/01\/slide1.jpg\u00a0\u00bb image_size=\u00a0\u00bbfull\u00a0\u00bb align=\u00a0\u00bbcenter\u00a0\u00bb margin_bottom=\u00a0\u00bb0&Prime;][\/vc_column][\/vc_row][vc_row css=\u00a0\u00bb.vc_custom_1483784785535{margin-top: 20px !important;}\u00a0\u00bb][vc_column][vc_column_text]\u00abLes motos britanniques sont sp\u00e9ciales, pleines de caract\u00e8re et de charme. Elles offrent une exp\u00e9rience de conduite qu&rsquo;aucune autre moto moderne ne peut \u00e9galer. Elles ne sont pas les machines les plus rapides, mais d\u00e8s le premier \u00ab\u00a0run\u00a0\u00bb, c&rsquo;est le d\u00e9but d&rsquo;une longue histoire d&rsquo;amour. Mais elles sont aussi parfois t\u00eatues, capricieuses et exigeantes.\u00bb<\/p>\n<p>Bas\u00e9 en Bretagne, Alton con\u00e7oit, fabrique et exporte ses produits directement et par l\u2019interm\u00e9diaire de ses distributeurs agr\u00e9\u00e9s.[\/vc_column_text][mk_divider style=\u00a0\u00bbthin_solid\u00a0\u00bb thin_single_color=\u00a0\u00bb#000000&Prime; thickness=\u00a0\u00bb2&Prime; margin_top=\u00a0\u00bb0&Prime;][\/vc_column][\/vc_row][vc_row][vc_column width=\u00a0\u00bb1\/4&Prime;][vc_column_text]\n<h3 style=\"text-align: center;\">&gt; G\u00c9N\u00c9RATEURS<\/h3>\n[\/vc_column_text][mk_image src=\u00a0\u00bbhttps:\/\/www.alton-france.com\/wp-content\/uploads\/2025\/11\/acg02-01-scaled.jpg\u00a0\u00bb image_size=\u00a0\u00bbfull\u00a0\u00bb frame_style=\u00a0\u00bbsingle_line\u00a0\u00bb link=\u00a0\u00bbhttp:\/\/alton-france.com\/fr\/generateurs\/\u00a0\u00bb align=\u00a0\u00bbcenter\u00a0\u00bb margin_bottom=\u00a0\u00bb10&Prime;][\/vc_column][vc_column width=\u00a0\u00bb1\/4&Prime;][vc_column_text css=\u00a0\u00bb.vc_custom_1582291204779{margin-bottom: 0px !important;}\u00a0\u00bb]\n<h3 style=\"text-align: center;\">&gt; Kit NORTON<\/h3>\n[\/vc_column_text][mk_image src=\u00a0\u00bbhttp:\/\/alton-france.com\/wp-content\/uploads\/2017\/01\/eskn-norton.jpg\u00a0\u00bb image_size=\u00a0\u00bbfull\u00a0\u00bb frame_style=\u00a0\u00bbsingle_line\u00a0\u00bb link=\u00a0\u00bbhttp:\/\/alton-france.com\/fr\/norton-demarreur-mk2-mkii\/\u00a0\u00bb align=\u00a0\u00bbcenter\u00a0\u00bb][\/vc_column][vc_column width=\u00a0\u00bb1\/4&Prime;][vc_column_text css=\u00a0\u00bb.vc_custom_1582291218720{margin-bottom: 0px !important;}\u00a0\u00bb]\n<h3 style=\"text-align: center;\">&gt; Kit VELOCETTE<\/h3>\n[\/vc_column_text][mk_image src=\u00a0\u00bbhttps:\/\/www.alton-france.com\/wp-content\/uploads\/2021\/08\/velocette-starter-2.jpeg\u00a0\u00bb image_size=\u00a0\u00bbfull\u00a0\u00bb frame_style=\u00a0\u00bbsingle_line\u00a0\u00bb link=\u00a0\u00bbhttp:\/\/alton-france.com\/fr\/demarreurs-pour-velocette\/\u00a0\u00bb align=\u00a0\u00bbcenter\u00a0\u00bb margin_bottom=\u00a0\u00bb10&Prime;][\/vc_column][vc_column width=\u00a0\u00bb1\/4&Prime;][vc_column_text css=\u00a0\u00bb.vc_custom_1579606246898{margin-bottom: 0px !important;}\u00a0\u00bb]\n<h3 style=\"text-align: center;\">&gt; Kit COMET<\/h3>\n[\/vc_column_text][mk_image src=\u00a0\u00bbhttps:\/\/www.alton-france.com\/wp-content\/uploads\/2020\/01\/kit-comet-home.jpg\u00a0\u00bb image_size=\u00a0\u00bbfull\u00a0\u00bb frame_style=\u00a0\u00bbsingle_line\u00a0\u00bb link=\u00a0\u00bbhttps:\/\/www.alton-france.com\/fr\/kit-comet\/\u00a0\u00bb align=\u00a0\u00bbcenter\u00a0\u00bb][\/vc_column][\/vc_row][vc_row css=\u00a0\u00bb.vc_custom_1483785560396{margin-top: 20px !important;}\u00a0\u00bb][vc_column][mk_divider style=\u00a0\u00bbthin_solid\u00a0\u00bb thin_single_color=\u00a0\u00bb#000000&Prime; thickness=\u00a0\u00bb2&Prime;][vc_column_text]\n<h3 style=\"text-align: center;\">&gt;\u00a0NOS DISTRIBUTEURS<\/h3>\n[\/vc_column_text][vc_column_text]Les produits Alton sont disponibles chez nos distributeurs agr\u00e9\u00e9s. Ils sont tout particuli\u00e8rement inform\u00e9s et s&rsquo;engagent \u00e0 vous procurer des articles fiables et de qualit\u00e9, tous les conseils dont vous auriez besoin ainsi que le service apr\u00e8s-vente.<br \/>\nTous nos g\u00e9n\u00e9rateurs sont disponibles aupr\u00e8s de nos distributeurs et \u00e9galement directement chez Alton.[\/vc_column_text][mk_button dimension=\u00a0\u00bbflat\u00a0\u00bb size=\u00a0\u00bbmedium\u00a0\u00bb url=\u00a0\u00bbhttp:\/\/alton-france.com\/fr\/distributeurs\/\u00a0\u00bb align=\u00a0\u00bbcenter\u00a0\u00bb bg_color=\u00a0\u00bbrgba(119,120,123,0.3)\u00a0\u00bb btn_hover_bg=\u00a0\u00bb#f39200&Prime; text_color=\u00a0\u00bbdark\u00a0\u00bb]En savoir plus[\/mk_button][mk_divider style=\u00a0\u00bbthin_solid\u00a0\u00bb thin_single_color=\u00a0\u00bb#000000&Prime; thickness=\u00a0\u00bb2&Prime;][\/vc_column][\/vc_row][vc_row type=\u00a0\u00bbimage_grid\u00a0\u00bb interval=\u00a0\u00bb3&Prime; source=\u00a0\u00bbmedia_library\u00a0\u00bb images=\u00a0\u00bb28,27,26,25,24,22,1140&Prime; img_size=\u00a0\u00bb170&#215;170&Prime; external_img_size=\u00a0\u00bb\u00a0\u00bb onclick=\u00a0\u00bb\u00a0\u00bb custom_links_target=\u00a0\u00bb_self\u00a0\u00bb css_animation=\u00a0\u00bb\u00a0\u00bb title=\u00a0\u00bb\u00a0\u00bb custom_srcs=\u00a0\u00bb\u00a0\u00bb custom_links=\u00a0\u00bb\u00a0\u00bb el_id=\u00a0\u00bb\u00a0\u00bb][vc_column][vc_gallery type=\u00a0\u00bbimage_grid\u00a0\u00bb images=\u00a0\u00bb28,27,26,25,24,22,1173&Prime; img_size=\u00a0\u00bb170&#215;170&Prime; onclick=\u00a0\u00bb\u00a0\u00bb][\/vc_column][\/vc_row][vc_row][vc_column][mk_divider style=\u00a0\u00bbthin_solid\u00a0\u00bb thin_single_color=\u00a0\u00bb#000000&Prime; thickness=\u00a0\u00bb2&Prime;][\/vc_column][\/vc_row]\n<\/div>","protected":false},"excerpt":{"rendered":"<p>[vc_row fullwidth=\u00a0\u00bbtrue\u00a0\u00bb fullwidth_content=\u00a0\u00bbfalse\u00a0\u00bb css=\u00a0\u00bb.vc_custom_1483785182822{border-bottom-width: 3px !important;background-color: #000000 !important;border-bottom-color: #f39200 !important;border-bottom-style: solid !important;}\u00a0\u00bb][vc_column][mk_image src=\u00a0\u00bbhttp:\/\/alton-france.com\/wp-content\/uploads\/2017\/01\/slide1.jpg\u00a0\u00bb image_size=\u00a0\u00bbfull\u00a0\u00bb align=\u00a0\u00bbcenter\u00a0\u00bb margin_bottom=\u00a0\u00bb0&Prime;][\/vc_column][\/vc_row][vc_row css=\u00a0\u00bb.vc_custom_1483784785535{margin-top: 20px !important;}\u00a0\u00bb][vc_column][vc_column_text]\u00abLes motos britanniques sont sp\u00e9ciales, pleines de caract\u00e8re et de charme. Elles offrent une exp\u00e9rience de conduite qu&rsquo;aucune autre moto moderne ne peut \u00e9galer. Elles ne sont pas les machines les plus rapides, mais d\u00e8s le premier [&hellip;]<\/p>\n","protected":false},"author":2,"featured_media":0,"parent":0,"menu_order":0,"comment_status":"closed","ping_status":"closed","template":"","meta":{"_exactmetrics_skip_tracking":false,"_exactmetrics_sitenote_active":false,"_exactmetrics_sitenote_note":"","_exactmetrics_sitenote_category":0,"footnotes":""},"class_list":["post-2","page","type-page","status-publish","hentry"],"yoast_head":"<!-- This site is optimized with the Yoast SEO plugin v27.4 - https:\/\/yoast.com\/product\/yoast-seo-wordpress\/ -->\n<title>ALTON : g\u00e9n\u00e9rateurs et kits d\u00e9marreurs pour motos classiques anglaises<\/title>\n<meta name=\"description\" content=\"ALTON, fabricant fran\u00e7ais de g\u00e9n\u00e9rateurs et kits d\u00e9marreurs \u00e9lectriques pour motos classiques anglaises : Norton, Velocette, Vincent.\" \/>\n<meta name=\"robots\" content=\"index, follow, max-snippet:-1, max-image-preview:large, max-video-preview:-1\" \/>\n<link rel=\"canonical\" href=\"https:\/\/www.alton-france.com\/fr\/\" \/>\n<meta property=\"og:locale\" content=\"fr_FR\" \/>\n<meta property=\"og:type\" content=\"article\" \/>\n<meta property=\"og:title\" content=\"ALTON : g\u00e9n\u00e9rateurs et kits d\u00e9marreurs pour motos classiques anglaises\" \/>\n<meta property=\"og:description\" content=\"ALTON, fabricant fran\u00e7ais de g\u00e9n\u00e9rateurs et kits d\u00e9marreurs \u00e9lectriques pour motos classiques anglaises : Norton, Velocette, Vincent.\" \/>\n<meta property=\"og:url\" content=\"https:\/\/www.alton-france.com\/fr\/\" \/>\n<meta property=\"og:site_name\" content=\"Alton\" \/>\n<meta property=\"article:modified_time\" content=\"2025-12-12T09:20:24+00:00\" \/>\n<meta name=\"twitter:card\" content=\"summary_large_image\" \/>\n<meta name=\"twitter:label1\" content=\"Dur\u00e9e de lecture estim\u00e9e\" \/>\n\t<meta name=\"twitter:data1\" content=\"3 minutes\" \/>\n<script type=\"application\/ld+json\" class=\"yoast-schema-graph\">{\"@context\":\"https:\\\/\\\/schema.org\",\"@graph\":[{\"@type\":\"WebPage\",\"@id\":\"https:\\\/\\\/www.alton-france.com\\\/fr\\\/\",\"url\":\"https:\\\/\\\/www.alton-france.com\\\/fr\\\/\",\"name\":\"ALTON : g\u00e9n\u00e9rateurs et kits d\u00e9marreurs pour motos classiques anglaises\",\"isPartOf\":{\"@id\":\"https:\\\/\\\/www.alton-france.com\\\/#website\"},\"datePublished\":\"2017-01-04T18:57:20+00:00\",\"dateModified\":\"2025-12-12T09:20:24+00:00\",\"description\":\"ALTON, fabricant fran\u00e7ais de g\u00e9n\u00e9rateurs et kits d\u00e9marreurs \u00e9lectriques pour motos classiques anglaises : Norton, Velocette, Vincent.\",\"breadcrumb\":{\"@id\":\"https:\\\/\\\/www.alton-france.com\\\/fr\\\/#breadcrumb\"},\"inLanguage\":\"fr-FR\",\"potentialAction\":[{\"@type\":\"ReadAction\",\"target\":[\"https:\\\/\\\/www.alton-france.com\\\/fr\\\/\"]}]},{\"@type\":\"BreadcrumbList\",\"@id\":\"https:\\\/\\\/www.alton-france.com\\\/fr\\\/#breadcrumb\",\"itemListElement\":[{\"@type\":\"ListItem\",\"position\":1,\"name\":\"HOME\",\"item\":\"https:\\\/\\\/www.alton-france.com\\\/fr\\\/\"},{\"@type\":\"ListItem\",\"position\":2,\"name\":\"Accueil\"}]},{\"@type\":\"WebSite\",\"@id\":\"https:\\\/\\\/www.alton-france.com\\\/#website\",\"url\":\"https:\\\/\\\/www.alton-france.com\\\/\",\"name\":\"Alton\",\"description\":\"Fabricant et distributeur de d\u00e9marreur kit \u00e9lectrique\",\"potentialAction\":[{\"@type\":\"SearchAction\",\"target\":{\"@type\":\"EntryPoint\",\"urlTemplate\":\"https:\\\/\\\/www.alton-france.com\\\/?s={search_term_string}\"},\"query-input\":{\"@type\":\"PropertyValueSpecification\",\"valueRequired\":true,\"valueName\":\"search_term_string\"}}],\"inLanguage\":\"fr-FR\"}]}<\/script>\n<!-- \/ Yoast SEO plugin. -->","yoast_head_json":{"title":"ALTON : g\u00e9n\u00e9rateurs et kits d\u00e9marreurs pour motos classiques anglaises","description":"ALTON, fabricant fran\u00e7ais de g\u00e9n\u00e9rateurs et kits d\u00e9marreurs \u00e9lectriques pour motos classiques anglaises : Norton, Velocette, Vincent.","robots":{"index":"index","follow":"follow","max-snippet":"max-snippet:-1","max-image-preview":"max-image-preview:large","max-video-preview":"max-video-preview:-1"},"canonical":"https:\/\/www.alton-france.com\/fr\/","og_locale":"fr_FR","og_type":"article","og_title":"ALTON : g\u00e9n\u00e9rateurs et kits d\u00e9marreurs pour motos classiques anglaises","og_description":"ALTON, fabricant fran\u00e7ais de g\u00e9n\u00e9rateurs et kits d\u00e9marreurs \u00e9lectriques pour motos classiques anglaises : Norton, Velocette, Vincent.","og_url":"https:\/\/www.alton-france.com\/fr\/","og_site_name":"Alton","article_modified_time":"2025-12-12T09:20:24+00:00","twitter_card":"summary_large_image","twitter_misc":{"Dur\u00e9e de lecture estim\u00e9e":"3 minutes"},"schema":{"@context":"https:\/\/schema.org","@graph":[{"@type":"WebPage","@id":"https:\/\/www.alton-france.com\/fr\/","url":"https:\/\/www.alton-france.com\/fr\/","name":"ALTON : g\u00e9n\u00e9rateurs et kits d\u00e9marreurs pour motos classiques anglaises","isPartOf":{"@id":"https:\/\/www.alton-france.com\/#website"},"datePublished":"2017-01-04T18:57:20+00:00","dateModified":"2025-12-12T09:20:24+00:00","description":"ALTON, fabricant fran\u00e7ais de g\u00e9n\u00e9rateurs et kits d\u00e9marreurs \u00e9lectriques pour motos classiques anglaises : Norton, Velocette, Vincent.","breadcrumb":{"@id":"https:\/\/www.alton-france.com\/fr\/#breadcrumb"},"inLanguage":"fr-FR","potentialAction":[{"@type":"ReadAction","target":["https:\/\/www.alton-france.com\/fr\/"]}]},{"@type":"BreadcrumbList","@id":"https:\/\/www.alton-france.com\/fr\/#breadcrumb","itemListElement":[{"@type":"ListItem","position":1,"name":"HOME","item":"https:\/\/www.alton-france.com\/fr\/"},{"@type":"ListItem","position":2,"name":"Accueil"}]},{"@type":"WebSite","@id":"https:\/\/www.alton-france.com\/#website","url":"https:\/\/www.alton-france.com\/","name":"Alton","description":"Fabricant et distributeur de d\u00e9marreur kit \u00e9lectrique","potentialAction":[{"@type":"SearchAction","target":{"@type":"EntryPoint","urlTemplate":"https:\/\/www.alton-france.com\/?s={search_term_string}"},"query-input":{"@type":"PropertyValueSpecification","valueRequired":true,"valueName":"search_term_string"}}],"inLanguage":"fr-FR"}]}},"_links":{"self":[{"href":"https:\/\/www.alton-france.com\/fr\/wp-json\/wp\/v2\/pages\/2","targetHints":{"allow":["GET"]}}],"collection":[{"href":"https:\/\/www.alton-france.com\/fr\/wp-json\/wp\/v2\/pages"}],"about":[{"href":"https:\/\/www.alton-france.com\/fr\/wp-json\/wp\/v2\/types\/page"}],"author":[{"embeddable":true,"href":"https:\/\/www.alton-france.com\/fr\/wp-json\/wp\/v2\/users\/2"}],"replies":[{"embeddable":true,"href":"https:\/\/www.alton-france.com\/fr\/wp-json\/wp\/v2\/comments?post=2"}],"version-history":[{"count":38,"href":"https:\/\/www.alton-france.com\/fr\/wp-json\/wp\/v2\/pages\/2\/revisions"}],"predecessor-version":[{"id":3076,"href":"https:\/\/www.alton-france.com\/fr\/wp-json\/wp\/v2\/pages\/2\/revisions\/3076"}],"wp:attachment":[{"href":"https:\/\/www.alton-france.com\/fr\/wp-json\/wp\/v2\/media?parent=2"}],"curies":[{"name":"wp","href":"https:\/\/api.w.org\/{rel}","templated":true}]}}