{"id":150,"date":"2017-01-08T15:22:47","date_gmt":"2017-01-08T14:22:47","guid":{"rendered":"http:\/\/alton-france.com\/?page_id=150\/"},"modified":"2025-11-06T17:53:37","modified_gmt":"2025-11-06T16:53:37","slug":"contact","status":"publish","type":"page","link":"https:\/\/www.alton-france.com\/fr\/contact\/","title":{"rendered":"Contact"},"content":{"rendered":"<div class=\"wpb-content-wrapper\">[vc_row fullwidth=\u00a0\u00bbtrue\u00a0\u00bb fullwidth_content=\u00a0\u00bbfalse\u00a0\u00bb css=\u00a0\u00bb.vc_custom_1483789022818{background-color: #000000 !important;}\u00a0\u00bb][vc_column][mk_image src=\u00a0\u00bbhttps:\/\/alton-france.com\/wp-content\/uploads\/2017\/01\/header.jpg\u00a0\u00bb image_size=\u00a0\u00bbfull\u00a0\u00bb align=\u00a0\u00bbcenter\u00a0\u00bb margin_bottom=\u00a0\u00bb0&Prime;][\/vc_column][\/vc_row][vc_row css=\u00a0\u00bb.vc_custom_1483789520203{margin-top: 20px !important;}\u00a0\u00bb][vc_column][vc_column_text]\n<h3 style=\"text-align: center;\">&gt;\u00a0CONTACT<\/h3>\n[\/vc_column_text][vc_column_text margin_bottom=\u00a0\u00bb0&Prime; css=\u00a0\u00bb.vc_custom_1762448008506{margin-bottom: 0px !important;}\u00a0\u00bb]<img loading=\"lazy\" decoding=\"async\" class=\"size-full wp-image-151 aligncenter\" src=\"https:\/\/alton-france.com\/wp-content\/uploads\/2017\/01\/icone-contact.jpg\" alt=\"\" width=\"153\" height=\"60\" srcset=\"https:\/\/www.alton-france.com\/wp-content\/uploads\/2017\/01\/icone-contact.jpg 153w, https:\/\/www.alton-france.com\/wp-content\/uploads\/2017\/01\/icone-contact-150x60.jpg 150w, https:\/\/www.alton-france.com\/wp-content\/uploads\/2017\/01\/icone-contact-600x235.jpg 600w\" sizes=\"auto, (max-width: 153px) 100vw, 153px\" \/><\/p>\n<p style=\"text-align: center;\">Parc d&rsquo;Activit\u00e9s de Kerscao, 13 rue Jean Fourasti\u00e9,<br \/>\n29480 Le Relecq-Kerhuon &#8211; FRANCE.<\/p>\n<h4 style=\"text-align: center;\">Mail : <a href=\"mailto:info@alton-france.com\">info@alton-france.com<\/a><\/h4>\n<p style=\"text-align: center;\"><img loading=\"lazy\" decoding=\"async\" class=\"alignnone wp-image-2951 size-full\" src=\"https:\/\/www.alton-france.com\/wp-content\/uploads\/2025\/11\/contact-alton-e1762448002671.png\" alt=\"\" width=\"200\" height=\"88\" srcset=\"https:\/\/www.alton-france.com\/wp-content\/uploads\/2025\/11\/contact-alton-e1762448002671.png 200w, https:\/\/www.alton-france.com\/wp-content\/uploads\/2025\/11\/contact-alton-e1762448002671-600x264.png 600w\" sizes=\"auto, (max-width: 200px) 100vw, 200px\" \/><\/p>\n[\/vc_column_text][vc_row_inner][vc_column_inner width=\u00a0\u00bb1\/6&Prime;][\/vc_column_inner][vc_column_inner width=\u00a0\u00bb2\/3&Prime;][vc_column_text]\n<div class=\"wpcf7 no-js\" id=\"wpcf7-f154-o1\" lang=\"fr-FR\" dir=\"ltr\" data-wpcf7-id=\"154\">\n<div class=\"screen-reader-response\"><p role=\"status\" aria-live=\"polite\" aria-atomic=\"true\"><\/p> <ul><\/ul><\/div>\n<form action=\"\/fr\/wp-json\/wp\/v2\/pages\/150#wpcf7-f154-o1\" method=\"post\" class=\"wpcf7-form init\" aria-label=\"Formulaire de contact\" novalidate=\"novalidate\" data-status=\"init\">\n<fieldset class=\"hidden-fields-container\"><input type=\"hidden\" name=\"_wpcf7\" value=\"154\" \/><input type=\"hidden\" name=\"_wpcf7_version\" value=\"6.1.5\" \/><input type=\"hidden\" name=\"_wpcf7_locale\" value=\"fr_FR\" \/><input type=\"hidden\" name=\"_wpcf7_unit_tag\" value=\"wpcf7-f154-o1\" \/><input type=\"hidden\" name=\"_wpcf7_container_post\" value=\"0\" \/><input type=\"hidden\" name=\"_wpcf7_posted_data_hash\" value=\"\" \/>\n<\/fieldset>\n<p><span class=\"wpcf7-form-control-wrap\" data-name=\"statut\"><span class=\"wpcf7-form-control wpcf7-radio\"><span class=\"wpcf7-list-item first\"><span class=\"wpcf7-list-item-label\">Particulier<\/span><input type=\"radio\" name=\"statut\" value=\"Particulier\" checked=\"checked\" \/><\/span><span class=\"wpcf7-list-item last\"><span class=\"wpcf7-list-item-label\">Professionnel<\/span><input type=\"radio\" name=\"statut\" value=\"Professionnel\" \/><\/span><\/span><\/span>\n<\/p>\n<p><span class=\"wpcf7-form-control-wrap\" data-name=\"Nom\"><input size=\"40\" maxlength=\"400\" class=\"wpcf7-form-control wpcf7-text wpcf7-validates-as-required\" aria-required=\"true\" aria-invalid=\"false\" placeholder=\"Nom*\" value=\"\" type=\"text\" name=\"Nom\" \/><\/span><span class=\"wpcf7-form-control-wrap\" data-name=\"Prenom\"><input size=\"40\" maxlength=\"400\" class=\"wpcf7-form-control wpcf7-text wpcf7-validates-as-required\" aria-required=\"true\" aria-invalid=\"false\" placeholder=\"Pr\u00e9nom*\" value=\"\" type=\"text\" name=\"Prenom\" \/><\/span>\n<\/p>\n<p><span class=\"wpcf7-form-control-wrap\" data-name=\"email\"><input size=\"40\" maxlength=\"400\" class=\"wpcf7-form-control wpcf7-email wpcf7-validates-as-required wpcf7-text wpcf7-validates-as-email\" aria-required=\"true\" aria-invalid=\"false\" placeholder=\"E-mail*\" value=\"\" type=\"email\" name=\"email\" \/><\/span><span class=\"wpcf7-form-control-wrap\" data-name=\"Pays\"><input size=\"40\" maxlength=\"400\" class=\"wpcf7-form-control wpcf7-text wpcf7-validates-as-required\" aria-required=\"true\" aria-invalid=\"false\" placeholder=\"Pays*\" value=\"\" type=\"text\" name=\"Pays\" \/><\/span>\n<\/p>\n<p><span class=\"wpcf7-form-control-wrap\" data-name=\"Ville\"><input size=\"40\" maxlength=\"400\" class=\"wpcf7-form-control wpcf7-text wpcf7-validates-as-required\" aria-required=\"true\" aria-invalid=\"false\" placeholder=\"Ville*\" value=\"\" type=\"text\" name=\"Ville\" \/><\/span>\n<\/p>\n<p><label>Choisissez une cat\u00e9gorie* <span class=\"wpcf7-form-control-wrap\" data-name=\"categories\"><select class=\"wpcf7-form-control wpcf7-select wpcf7-validates-as-required\" aria-required=\"true\" aria-invalid=\"false\" name=\"categories\"><option value=\"\">&#8212;Veuillez choisir une option&#8212;<\/option><option value=\"G\u00e9n\u00e9rateurs\">G\u00e9n\u00e9rateurs<\/option><option value=\"Ekit Norton\">Ekit Norton<\/option><option value=\"Ekit Velocette\">Ekit Velocette<\/option><option value=\"Kit Comet\">Kit Comet<\/option><option value=\"Autres\">Autres<\/option><\/select><\/span><\/label>\n<\/p>\n<p><span class=\"wpcf7-form-control-wrap\" data-name=\"Sujet\"><input size=\"40\" maxlength=\"400\" class=\"wpcf7-form-control wpcf7-text wpcf7-validates-as-required\" aria-required=\"true\" aria-invalid=\"false\" placeholder=\"Sujet*\" value=\"\" type=\"text\" name=\"Sujet\" \/><\/span>\n<\/p>\n<p><span class=\"wpcf7-form-control-wrap\" data-name=\"message\"><textarea cols=\"40\" rows=\"10\" maxlength=\"2000\" class=\"wpcf7-form-control wpcf7-textarea\" aria-invalid=\"false\" placeholder=\"Votre message\" name=\"message\"><\/textarea><\/span>\n<\/p>\n<p><input class=\"wpcf7-form-control wpcf7-submit has-spinner\" type=\"submit\" value=\"Envoyer\" \/>\n<\/p><div class=\"wpcf7-response-output\" aria-hidden=\"true\"><\/div>\n<\/form>\n<\/div>\n[\/vc_column_text][\/vc_column_inner][vc_column_inner width=\u00a0\u00bb1\/6&Prime;][\/vc_column_inner][\/vc_row_inner][\/vc_column][\/vc_row]\n<\/div>","protected":false},"excerpt":{"rendered":"<p>[vc_row fullwidth=\u00a0\u00bbtrue\u00a0\u00bb fullwidth_content=\u00a0\u00bbfalse\u00a0\u00bb css=\u00a0\u00bb.vc_custom_1483789022818{background-color: #000000 !important;}\u00a0\u00bb][vc_column][mk_image src=\u00a0\u00bbhttps:\/\/alton-france.com\/wp-content\/uploads\/2017\/01\/header.jpg\u00a0\u00bb image_size=\u00a0\u00bbfull\u00a0\u00bb align=\u00a0\u00bbcenter\u00a0\u00bb margin_bottom=\u00a0\u00bb0&Prime;][\/vc_column][\/vc_row][vc_row css=\u00a0\u00bb.vc_custom_1483789520203{margin-top: 20px !important;}\u00a0\u00bb][vc_column][vc_column_text] &gt;\u00a0CONTACT [\/vc_column_text][vc_column_text margin_bottom=\u00a0\u00bb0&Prime; css=\u00a0\u00bb.vc_custom_1762448008506{margin-bottom: 0px !important;}\u00a0\u00bb] Parc d&rsquo;Activit\u00e9s de Kerscao, 13 rue Jean Fourasti\u00e9, 29480 Le Relecq-Kerhuon &#8211; FRANCE. Mail : info@alton-france.com [\/vc_column_text][vc_row_inner][vc_column_inner width=\u00a0\u00bb1\/6&Prime;][\/vc_column_inner][vc_column_inner width=\u00a0\u00bb2\/3&Prime;][vc_column_text][\/vc_column_text][\/vc_column_inner][vc_column_inner width=\u00a0\u00bb1\/6&Prime;][\/vc_column_inner][\/vc_row_inner][\/vc_column][\/vc_row]<\/p>\n","protected":false},"author":2,"featured_media":0,"parent":0,"menu_order":0,"comment_status":"closed","ping_status":"closed","template":"","meta":{"_exactmetrics_skip_tracking":false,"_exactmetrics_sitenote_active":false,"_exactmetrics_sitenote_note":"","_exactmetrics_sitenote_category":0,"footnotes":""},"class_list":["post-150","page","type-page","status-publish","hentry"],"yoast_head":"<!-- This site is optimized with the Yoast SEO plugin v27.4 - https:\/\/yoast.com\/product\/yoast-seo-wordpress\/ -->\n<title>Alton France | Nous Contacter | Coordonn\u00e9es et adresse<\/title>\n<meta name=\"description\" content=\"Contactez-nous par t\u00e9l\u00e9phone, email ou via notre formulaire pour toute question sur nos kits d\u00e9marreur \u00e9lectrique pour motos classiques\" \/>\n<meta name=\"robots\" content=\"index, follow, max-snippet:-1, max-image-preview:large, max-video-preview:-1\" \/>\n<link rel=\"canonical\" href=\"https:\/\/www.alton-france.com\/fr\/contact\/\" \/>\n<meta property=\"og:locale\" content=\"fr_FR\" \/>\n<meta property=\"og:type\" content=\"article\" \/>\n<meta property=\"og:title\" content=\"Alton France | Nous Contacter | Coordonn\u00e9es et adresse\" \/>\n<meta property=\"og:description\" content=\"Contactez-nous par t\u00e9l\u00e9phone, email ou via notre formulaire pour toute question sur nos kits d\u00e9marreur \u00e9lectrique pour motos classiques\" \/>\n<meta property=\"og:url\" content=\"https:\/\/www.alton-france.com\/fr\/contact\/\" \/>\n<meta property=\"og:site_name\" content=\"Alton\" \/>\n<meta property=\"article:modified_time\" content=\"2025-11-06T16:53:37+00:00\" \/>\n<meta property=\"og:image\" content=\"https:\/\/www.alton-france.com\/wp-content\/uploads\/2017\/01\/icone-contact.jpg\" \/>\n\t<meta property=\"og:image:width\" content=\"153\" \/>\n\t<meta property=\"og:image:height\" content=\"60\" \/>\n\t<meta property=\"og:image:type\" content=\"image\/jpeg\" \/>\n<meta name=\"twitter:card\" content=\"summary_large_image\" \/>\n<meta name=\"twitter:label1\" content=\"Dur\u00e9e de lecture estim\u00e9e\" \/>\n\t<meta name=\"twitter:data1\" content=\"1 minute\" \/>\n<script type=\"application\/ld+json\" class=\"yoast-schema-graph\">{\"@context\":\"https:\\\/\\\/schema.org\",\"@graph\":[{\"@type\":\"WebPage\",\"@id\":\"https:\\\/\\\/www.alton-france.com\\\/fr\\\/contact\\\/\",\"url\":\"https:\\\/\\\/www.alton-france.com\\\/fr\\\/contact\\\/\",\"name\":\"Alton France | Nous Contacter | Coordonn\u00e9es et adresse\",\"isPartOf\":{\"@id\":\"https:\\\/\\\/www.alton-france.com\\\/#website\"},\"primaryImageOfPage\":{\"@id\":\"https:\\\/\\\/www.alton-france.com\\\/fr\\\/contact\\\/#primaryimage\"},\"image\":{\"@id\":\"https:\\\/\\\/www.alton-france.com\\\/fr\\\/contact\\\/#primaryimage\"},\"thumbnailUrl\":\"https:\\\/\\\/alton-france.com\\\/wp-content\\\/uploads\\\/2017\\\/01\\\/icone-contact.jpg\",\"datePublished\":\"2017-01-08T14:22:47+00:00\",\"dateModified\":\"2025-11-06T16:53:37+00:00\",\"description\":\"Contactez-nous par t\u00e9l\u00e9phone, email ou via notre formulaire pour toute question sur nos kits d\u00e9marreur \u00e9lectrique pour motos classiques\",\"breadcrumb\":{\"@id\":\"https:\\\/\\\/www.alton-france.com\\\/fr\\\/contact\\\/#breadcrumb\"},\"inLanguage\":\"fr-FR\",\"potentialAction\":[{\"@type\":\"ReadAction\",\"target\":[\"https:\\\/\\\/www.alton-france.com\\\/fr\\\/contact\\\/\"]}]},{\"@type\":\"ImageObject\",\"inLanguage\":\"fr-FR\",\"@id\":\"https:\\\/\\\/www.alton-france.com\\\/fr\\\/contact\\\/#primaryimage\",\"url\":\"https:\\\/\\\/alton-france.com\\\/wp-content\\\/uploads\\\/2017\\\/01\\\/icone-contact.jpg\",\"contentUrl\":\"https:\\\/\\\/alton-france.com\\\/wp-content\\\/uploads\\\/2017\\\/01\\\/icone-contact.jpg\"},{\"@type\":\"BreadcrumbList\",\"@id\":\"https:\\\/\\\/www.alton-france.com\\\/fr\\\/contact\\\/#breadcrumb\",\"itemListElement\":[{\"@type\":\"ListItem\",\"position\":1,\"name\":\"HOME\",\"item\":\"https:\\\/\\\/www.alton-france.com\\\/fr\\\/\"},{\"@type\":\"ListItem\",\"position\":2,\"name\":\"Contact\"}]},{\"@type\":\"WebSite\",\"@id\":\"https:\\\/\\\/www.alton-france.com\\\/#website\",\"url\":\"https:\\\/\\\/www.alton-france.com\\\/\",\"name\":\"Alton\",\"description\":\"Fabricant et distributeur de d\u00e9marreur kit \u00e9lectrique\",\"potentialAction\":[{\"@type\":\"SearchAction\",\"target\":{\"@type\":\"EntryPoint\",\"urlTemplate\":\"https:\\\/\\\/www.alton-france.com\\\/?s={search_term_string}\"},\"query-input\":{\"@type\":\"PropertyValueSpecification\",\"valueRequired\":true,\"valueName\":\"search_term_string\"}}],\"inLanguage\":\"fr-FR\"}]}<\/script>\n<!-- \/ Yoast SEO plugin. -->","yoast_head_json":{"title":"Alton France | Nous Contacter | Coordonn\u00e9es et adresse","description":"Contactez-nous par t\u00e9l\u00e9phone, email ou via notre formulaire pour toute question sur nos kits d\u00e9marreur \u00e9lectrique pour motos classiques","robots":{"index":"index","follow":"follow","max-snippet":"max-snippet:-1","max-image-preview":"max-image-preview:large","max-video-preview":"max-video-preview:-1"},"canonical":"https:\/\/www.alton-france.com\/fr\/contact\/","og_locale":"fr_FR","og_type":"article","og_title":"Alton France | Nous Contacter | Coordonn\u00e9es et adresse","og_description":"Contactez-nous par t\u00e9l\u00e9phone, email ou via notre formulaire pour toute question sur nos kits d\u00e9marreur \u00e9lectrique pour motos classiques","og_url":"https:\/\/www.alton-france.com\/fr\/contact\/","og_site_name":"Alton","article_modified_time":"2025-11-06T16:53:37+00:00","og_image":[{"width":153,"height":60,"url":"https:\/\/www.alton-france.com\/wp-content\/uploads\/2017\/01\/icone-contact.jpg","type":"image\/jpeg"}],"twitter_card":"summary_large_image","twitter_misc":{"Dur\u00e9e de lecture estim\u00e9e":"1 minute"},"schema":{"@context":"https:\/\/schema.org","@graph":[{"@type":"WebPage","@id":"https:\/\/www.alton-france.com\/fr\/contact\/","url":"https:\/\/www.alton-france.com\/fr\/contact\/","name":"Alton France | Nous Contacter | Coordonn\u00e9es et adresse","isPartOf":{"@id":"https:\/\/www.alton-france.com\/#website"},"primaryImageOfPage":{"@id":"https:\/\/www.alton-france.com\/fr\/contact\/#primaryimage"},"image":{"@id":"https:\/\/www.alton-france.com\/fr\/contact\/#primaryimage"},"thumbnailUrl":"https:\/\/alton-france.com\/wp-content\/uploads\/2017\/01\/icone-contact.jpg","datePublished":"2017-01-08T14:22:47+00:00","dateModified":"2025-11-06T16:53:37+00:00","description":"Contactez-nous par t\u00e9l\u00e9phone, email ou via notre formulaire pour toute question sur nos kits d\u00e9marreur \u00e9lectrique pour motos classiques","breadcrumb":{"@id":"https:\/\/www.alton-france.com\/fr\/contact\/#breadcrumb"},"inLanguage":"fr-FR","potentialAction":[{"@type":"ReadAction","target":["https:\/\/www.alton-france.com\/fr\/contact\/"]}]},{"@type":"ImageObject","inLanguage":"fr-FR","@id":"https:\/\/www.alton-france.com\/fr\/contact\/#primaryimage","url":"https:\/\/alton-france.com\/wp-content\/uploads\/2017\/01\/icone-contact.jpg","contentUrl":"https:\/\/alton-france.com\/wp-content\/uploads\/2017\/01\/icone-contact.jpg"},{"@type":"BreadcrumbList","@id":"https:\/\/www.alton-france.com\/fr\/contact\/#breadcrumb","itemListElement":[{"@type":"ListItem","position":1,"name":"HOME","item":"https:\/\/www.alton-france.com\/fr\/"},{"@type":"ListItem","position":2,"name":"Contact"}]},{"@type":"WebSite","@id":"https:\/\/www.alton-france.com\/#website","url":"https:\/\/www.alton-france.com\/","name":"Alton","description":"Fabricant et distributeur de d\u00e9marreur kit \u00e9lectrique","potentialAction":[{"@type":"SearchAction","target":{"@type":"EntryPoint","urlTemplate":"https:\/\/www.alton-france.com\/?s={search_term_string}"},"query-input":{"@type":"PropertyValueSpecification","valueRequired":true,"valueName":"search_term_string"}}],"inLanguage":"fr-FR"}]}},"_links":{"self":[{"href":"https:\/\/www.alton-france.com\/fr\/wp-json\/wp\/v2\/pages\/150","targetHints":{"allow":["GET"]}}],"collection":[{"href":"https:\/\/www.alton-france.com\/fr\/wp-json\/wp\/v2\/pages"}],"about":[{"href":"https:\/\/www.alton-france.com\/fr\/wp-json\/wp\/v2\/types\/page"}],"author":[{"embeddable":true,"href":"https:\/\/www.alton-france.com\/fr\/wp-json\/wp\/v2\/users\/2"}],"replies":[{"embeddable":true,"href":"https:\/\/www.alton-france.com\/fr\/wp-json\/wp\/v2\/comments?post=150"}],"version-history":[{"count":10,"href":"https:\/\/www.alton-france.com\/fr\/wp-json\/wp\/v2\/pages\/150\/revisions"}],"predecessor-version":[{"id":2953,"href":"https:\/\/www.alton-france.com\/fr\/wp-json\/wp\/v2\/pages\/150\/revisions\/2953"}],"wp:attachment":[{"href":"https:\/\/www.alton-france.com\/fr\/wp-json\/wp\/v2\/media?parent=150"}],"curies":[{"name":"wp","href":"https:\/\/api.w.org\/{rel}","templated":true}]}}