{"id":1094,"date":"2020-01-21T11:57:27","date_gmt":"2020-01-21T10:57:27","guid":{"rendered":"https:\/\/www.alton-france.com\/?page_id=1094"},"modified":"2025-11-06T15:07:46","modified_gmt":"2025-11-06T14:07:46","slug":"kit-comet","status":"publish","type":"page","link":"https:\/\/www.alton-france.com\/fr\/kit-comet\/","title":{"rendered":"Kit d\u00e9marreur \u00e9lectrique pour Vincent Comet"},"content":{"rendered":"<div class=\"wpb-content-wrapper\">[vc_row fullwidth=\u00a0\u00bbtrue\u00a0\u00bb fullwidth_content=\u00a0\u00bbfalse\u00a0\u00bb css=\u00a0\u00bb.vc_custom_1483789022818{background-color: #000000 !important;}\u00a0\u00bb][vc_column][mk_image src=\u00a0\u00bbhttp:\/\/alton-france.com\/wp-content\/uploads\/2017\/01\/header.jpg\u00a0\u00bb image_size=\u00a0\u00bbfull\u00a0\u00bb align=\u00a0\u00bbcenter\u00a0\u00bb margin_bottom=\u00a0\u00bb0&Prime;][\/vc_column][\/vc_row][vc_row css=\u00a0\u00bb.vc_custom_1483790987289{margin-top: 20px !important;}\u00a0\u00bb][vc_column width=\u00a0\u00bb1\/3&Prime;][\/vc_column][vc_column width=\u00a0\u00bb1\/3&Prime;][mk_image src=\u00a0\u00bbhttps:\/\/www.alton-france.com\/wp-content\/uploads\/2020\/02\/whatsapp-image-2019-10-15-at-10.54.31-copier.jpeg\u00a0\u00bb image_size=\u00a0\u00bbfull\u00a0\u00bb align=\u00a0\u00bbcenter\u00a0\u00bb][\/vc_column][vc_column width=\u00a0\u00bb1\/3&Prime;][vc_column_text css=\u00a0\u00bb.vc_custom_1637660734421{margin-bottom: 0px !important;}\u00a0\u00bb]\n<h3>Disponibilit\u00e9 :<\/h3>\n<p><span style=\"color: #d48000;\"><strong>En stock, imm\u00e9diate<\/strong><\/span><\/p>\n<p><span style=\"color: #999999;\">1 \u00e0 3 semaines<\/span><\/p>\n<p><span style=\"color: #999999;\">3 \u00e0 5 semaines<\/span><\/p>\n<p><span style=\"color: #999999;\">\u00c0\u00a0la demande<\/span>[\/vc_column_text][\/vc_column][\/vc_row][vc_row fullwidth=\u00a0\u00bbtrue\u00a0\u00bb css=\u00a0\u00bb.vc_custom_1483791153047{background-color: #dadada !important;}\u00a0\u00bb][vc_column css=\u00a0\u00bb.vc_custom_1483791179252{padding-top: 10px !important;}\u00a0\u00bb][vc_column_text css=\u00a0\u00bb.vc_custom_1582291674772{margin-bottom: 0px !important;}\u00a0\u00bb]\n<h3 style=\"text-align: center;\">&gt; KIT D\u00c9MARREUR \u00c9LECTRIQUE POUR VINCENT COMET<\/h3>\n[\/vc_column_text][\/vc_column][\/vc_row][vc_row css=\u00a0\u00bb.vc_custom_1483789520203{margin-top: 20px !important;}\u00a0\u00bb][vc_column][vc_column_text css=\u00a0\u00bb.vc_custom_1581099735402{margin-bottom: 0px !important;}\u00a0\u00bb]<em><span style=\"font-size: 20px;\">\u00ab Un design aussi discret qu\u2019efficace \u00bb<\/span><\/em>[\/vc_column_text][mk_divider style=\u00a0\u00bbthin_solid\u00a0\u00bb thin_single_color=\u00a0\u00bb#000000&Prime; thickness=\u00a0\u00bb2&Prime; margin_top=\u00a0\u00bb0&Prime; margin_bottom=\u00a0\u00bb10&Prime;][vc_column_text css=\u00a0\u00bb.vc_custom_1582291641062{margin-bottom: 0px !important;}\u00a0\u00bb]<strong>Quelques mots<\/strong><\/p>\n<p>Les kits de d\u00e9marreurs \u00e9lectriques pour Vincent Comet sont une vieille histoire pour Alton.<\/p>\n<p>Nous avons con\u00e7u et r\u00e9alis\u00e9 les prototypes vers 2008. C\u2019est alors que nous avons r\u00e9alis\u00e9 que le m\u00eame principe de fonctionnement de ces kits d\u00e9marreurs pour Comet pouvait \u00eatre appliqu\u00e9 aux Norton Commandos MK2 : les priorit\u00e9s se sont impos\u00e9es d\u2019elles-m\u00eames pour Alton et le projet de kit d\u00e9marreur pour Comet est rest\u00e9 \u00e0 l\u2019arri\u00e8re plan pour quelque temps.<\/p>\n<p>Depuis, la soci\u00e9t\u00e9 Alton a progress\u00e9. Nous avons d\u00e9m\u00e9nag\u00e9 dans des locaux plus adapt\u00e9s et nous avons pu ressortir le dossier Vincent Comet en b\u00e9n\u00e9ficiant de toute l\u2019exp\u00e9rience technique des kits d\u00e9marreurs pour Norton Commandos.<\/p>\n<p>Les d\u00e9fis techniques sont semblables \u00e0 ceux des autres produits Alton : efficacit\u00e9, discr\u00e9tion, respect de l\u2019aspect d\u2019origine, totale r\u00e9versibilit\u00e9.<\/p>\n<p>Le kit pour Vincent Comet est con\u00e7u pour \u00eatre compl\u00e8tement r\u00e9versible. A part une petite intervention \u00e0 l\u2019int\u00e9rieur du carter externe de transmission primaire, il n\u2019y a pas de modification \u00e0 apporter \u00e0 la moto pour l\u2019installation du kit.<\/p>\n<p><strong>Le kit comprend\u00a0:<\/strong><\/p>\n<ul>\n<li>un carter interne de transmission primaire renforc\u00e9. Il s\u2019agit d\u2019un carter de conception originale, sp\u00e9cialement fabriqu\u00e9 pour recevoir les autres pi\u00e8ces du kit.<\/li>\n<li>Un moteur de d\u00e9marreur \u00e9lectrique de 12 volts<\/li>\n<li>La cha\u00eene de d\u00e9marreur et les autres pi\u00e8ces de transmission du d\u00e9marreur<\/li>\n<li>La roue-libre de d\u00e9marreur. Elle se monte sur le vilebrequin.<\/li>\n<li>Un amortisseur de couple de transmission primaire sp\u00e9cialement con\u00e7u pour le montage du kit (design \u00e9troit)<\/li>\n<li>Un \u00e9crou de vilebrequin sp\u00e9cial<\/li>\n<li>Un bouton-poussoir, un relais de d\u00e9marreur, les c\u00e2bles,<\/li>\n<li>Une bride de g\u00e9n\u00e9rateur<\/li>\n<\/ul>\n<p><strong>Recommandations<\/strong><\/p>\n<p>L\u2019usage du kit d\u00e9marreur implique de disposer d\u2019une batterie toujours correctement charg\u00e9e et, par cons\u00e9quent, d\u2019une g\u00e9n\u00e9ration \u00e9lectrique suffisamment puissante, fiable et adapt\u00e9e. Nous recommandons d\u2019installer notre g\u00e9n\u00e9rateur \u00e9lectrique ACG02 pour Vincent Comet. Si la moto est d\u00e9j\u00e0 \u00e9quip\u00e9e d\u2019un g\u00e9n\u00e9rateur Alton, il n\u2019est, bien s\u00fbr, pas n\u00e9cessaire d\u2019en acqu\u00e9rir un nouveau.<\/p>\n<p>Batterie recommand\u00e9e\u00a0: YTX16BS (150 x 87 x 161) ou YTX14BS (150 x 87 x 145).<\/p>\n<p>Le kit d\u00e9marreur est pr\u00e9vu pour fonctionner avec le moins (-) \u00e0 la masse. Si la moto est \u00e9quip\u00e9e avec le plus (+) \u00e0 la masse, nous sugg\u00e9rons de modifier sa polarit\u00e9 pour se conformer \u00e0 la polarit\u00e9 moins (-) \u00e0 la masse. Si pour une raison quelconque, vous souhaitez conserver la polarit\u00e9 plus (+) \u00e0 la masse, contactez nous, nous pouvons modifier le kit pour l\u2019adapter \u00e0 cette polarit\u00e9.<\/p>\n<p>L\u2019installation du kit n\u2019est pas tr\u00e8s difficile. Mais elle doit \u00eatre men\u00e9e avec un soin professionnel. De bonnes connaissances en m\u00e9canique et en \u00e9lectricit\u00e9 sont indispensables pour pr\u00e9parer l\u2019installation et pour y proc\u00e9der avec succ\u00e8s. Nous fournissons une documentation de montage compl\u00e8te et illustr\u00e9e.<\/p>\n<p style=\"text-align: center;\"><a href=\"https:\/\/www.alton-france.com\/fr\/contact\/\"><strong>N\u2019h\u00e9sitez pas \u00e0 nous contacter.<\/strong><\/a><\/p>\n[\/vc_column_text][vc_column_text css=\u00a0\u00bb.vc_custom_1599046934366{margin-bottom: 0px !important;}\u00a0\u00bb]\n<h3 style=\"text-align: center;\">Vous avez en main un kit de\u0301marreur Alton pour Vincent Comet<\/h3>\n<p style=\"text-align: center;\">T\u00e9l\u00e9charger : <a href=\"https:\/\/www.alton-france.com\/wp-content\/uploads\/2020\/09\/fevrier-2020-vous-avez-en-main-un-kit-demarreur-alton-pour-vincent-comet.pdf\" target=\"_blank\" rel=\"noopener noreferrer\">kit de\u0301marreur Alton pour Vincent Comet\u00a0<\/a><\/p>\n[\/vc_column_text][\/vc_column][\/vc_row][vc_row][vc_column][mk_divider style=\u00a0\u00bbthin_solid\u00a0\u00bb thin_single_color=\u00a0\u00bb#000000&Prime; thickness=\u00a0\u00bb2&Prime; margin_top=\u00a0\u00bb0&Prime; margin_bottom=\u00a0\u00bb10&Prime;][vc_column_text css=\u00a0\u00bb.vc_custom_1599046710080{margin-bottom: 0px !important;}\u00a0\u00bb]\n<h3 style=\"text-align: center;\">VIDEO<\/h3>\n[\/vc_column_text][\/vc_column][\/vc_row][vc_row][vc_column width=\u00a0\u00bb1\/4&Prime;][\/vc_column][vc_column width=\u00a0\u00bb1\/2&Prime;][vc_video link=\u00a0\u00bbhttps:\/\/www.youtube.com\/watch?v=2FeF5RTMoas\u00a0\u00bb][\/vc_column][vc_column width=\u00a0\u00bb1\/4&Prime;][\/vc_column][\/vc_row][mk_page_section sidebar=\u00a0\u00bbsidebar-1&Prime;][vc_column][mk_divider style=\u00a0\u00bbthin_solid\u00a0\u00bb thin_single_color=\u00a0\u00bb#000000&Prime; thickness=\u00a0\u00bb2&Prime; margin_top=\u00a0\u00bb0&Prime; margin_bottom=\u00a0\u00bb10&Prime;][vc_column_text css=\u00a0\u00bb.vc_custom_1582308626553{margin-bottom: 0px !important;}\u00a0\u00bb]\n<h3 style=\"text-align: center;\">PHOTO<\/h3>\n[\/vc_column_text][vc_row_inner][vc_column_inner width=\u00a0\u00bb1\/2&Prime;][mk_image src=\u00a0\u00bbhttps:\/\/www.alton-france.com\/wp-content\/uploads\/2020\/02\/comet-install-32-copier.jpg\u00a0\u00bb image_size=\u00a0\u00bblarge\u00a0\u00bb lightbox=\u00a0\u00bbtrue\u00a0\u00bb group=\u00a0\u00bbcomet\u00a0\u00bb][mk_image src=\u00a0\u00bbhttps:\/\/www.alton-france.com\/wp-content\/uploads\/2020\/02\/comet-install-3-copier.jpg\u00a0\u00bb image_size=\u00a0\u00bblarge\u00a0\u00bb lightbox=\u00a0\u00bbtrue\u00a0\u00bb group=\u00a0\u00bbcomet\u00a0\u00bb][\/vc_column_inner][vc_column_inner width=\u00a0\u00bb1\/2&Prime;][mk_image src=\u00a0\u00bbhttps:\/\/www.alton-france.com\/wp-content\/uploads\/2020\/02\/comet-install-1-copier.jpg\u00a0\u00bb image_size=\u00a0\u00bblarge\u00a0\u00bb lightbox=\u00a0\u00bbtrue\u00a0\u00bb group=\u00a0\u00bbcomet\u00a0\u00bb][mk_image src=\u00a0\u00bbhttps:\/\/www.alton-france.com\/wp-content\/uploads\/2020\/09\/vincent-comet-kit-complet.jpeg\u00a0\u00bb image_size=\u00a0\u00bblarge\u00a0\u00bb lightbox=\u00a0\u00bbtrue\u00a0\u00bb group=\u00a0\u00bbcomet\u00a0\u00bb][\/vc_column_inner][\/vc_row_inner][\/vc_column][\/mk_page_section]\n<\/div>","protected":false},"excerpt":{"rendered":"<p>[vc_row fullwidth=\u00a0\u00bbtrue\u00a0\u00bb fullwidth_content=\u00a0\u00bbfalse\u00a0\u00bb css=\u00a0\u00bb.vc_custom_1483789022818{background-color: #000000 !important;}\u00a0\u00bb][vc_column][mk_image src=\u00a0\u00bbhttp:\/\/alton-france.com\/wp-content\/uploads\/2017\/01\/header.jpg\u00a0\u00bb image_size=\u00a0\u00bbfull\u00a0\u00bb align=\u00a0\u00bbcenter\u00a0\u00bb margin_bottom=\u00a0\u00bb0&Prime;][\/vc_column][\/vc_row][vc_row css=\u00a0\u00bb.vc_custom_1483790987289{margin-top: 20px !important;}\u00a0\u00bb][vc_column width=\u00a0\u00bb1\/3&Prime;][\/vc_column][vc_column width=\u00a0\u00bb1\/3&Prime;][mk_image src=\u00a0\u00bbhttps:\/\/www.alton-france.com\/wp-content\/uploads\/2020\/02\/whatsapp-image-2019-10-15-at-10.54.31-copier.jpeg\u00a0\u00bb image_size=\u00a0\u00bbfull\u00a0\u00bb align=\u00a0\u00bbcenter\u00a0\u00bb][\/vc_column][vc_column width=\u00a0\u00bb1\/3&Prime;][vc_column_text css=\u00a0\u00bb.vc_custom_1637660734421{margin-bottom: 0px !important;}\u00a0\u00bb] Disponibilit\u00e9 : En stock, imm\u00e9diate 1 \u00e0 3 semaines 3 \u00e0 5 semaines \u00c0\u00a0la demande[\/vc_column_text][\/vc_column][\/vc_row][vc_row fullwidth=\u00a0\u00bbtrue\u00a0\u00bb css=\u00a0\u00bb.vc_custom_1483791153047{background-color: #dadada !important;}\u00a0\u00bb][vc_column css=\u00a0\u00bb.vc_custom_1483791179252{padding-top: 10px !important;}\u00a0\u00bb][vc_column_text css=\u00a0\u00bb.vc_custom_1582291674772{margin-bottom: 0px !important;}\u00a0\u00bb] &gt; KIT D\u00c9MARREUR \u00c9LECTRIQUE POUR VINCENT COMET [\/vc_column_text][\/vc_column][\/vc_row][vc_row [&hellip;]<\/p>\n","protected":false},"author":2,"featured_media":0,"parent":0,"menu_order":0,"comment_status":"closed","ping_status":"closed","template":"","meta":{"_exactmetrics_skip_tracking":false,"_exactmetrics_sitenote_active":false,"_exactmetrics_sitenote_note":"","_exactmetrics_sitenote_category":0,"footnotes":""},"class_list":["post-1094","page","type-page","status-publish","hentry"],"yoast_head":"<!-- This site is optimized with the Yoast SEO plugin v27.4 - https:\/\/yoast.com\/product\/yoast-seo-wordpress\/ -->\n<title>Kit d\u00e9marreur \u00e9lectrique Alton\/Vincent Comet - D\u00e9marrage Facile<\/title>\n<meta name=\"description\" content=\"Fini le kick ! Installez le kit d\u00e9marreur \u00e9lectrique Alton sur votre Vincent Comet. Respect de l&#039;original et montage r\u00e9versible garanti.\" \/>\n<meta name=\"robots\" content=\"index, follow, max-snippet:-1, max-image-preview:large, max-video-preview:-1\" \/>\n<link rel=\"canonical\" href=\"https:\/\/www.alton-france.com\/fr\/kit-comet\/\" \/>\n<meta property=\"og:locale\" content=\"fr_FR\" \/>\n<meta property=\"og:type\" content=\"article\" \/>\n<meta property=\"og:title\" content=\"Kit d\u00e9marreur \u00e9lectrique Alton\/Vincent Comet - D\u00e9marrage Facile\" \/>\n<meta property=\"og:description\" content=\"Fini le kick ! Installez le kit d\u00e9marreur \u00e9lectrique Alton sur votre Vincent Comet. Respect de l&#039;original et montage r\u00e9versible garanti.\" \/>\n<meta property=\"og:url\" content=\"https:\/\/www.alton-france.com\/fr\/kit-comet\/\" \/>\n<meta property=\"og:site_name\" content=\"Alton\" \/>\n<meta property=\"article:modified_time\" content=\"2025-11-06T14:07:46+00:00\" \/>\n<meta name=\"twitter:card\" content=\"summary_large_image\" \/>\n<meta name=\"twitter:label1\" content=\"Dur\u00e9e de lecture estim\u00e9e\" \/>\n\t<meta name=\"twitter:data1\" content=\"3 minutes\" \/>\n<script type=\"application\/ld+json\" class=\"yoast-schema-graph\">{\"@context\":\"https:\\\/\\\/schema.org\",\"@graph\":[{\"@type\":\"WebPage\",\"@id\":\"https:\\\/\\\/www.alton-france.com\\\/fr\\\/kit-comet\\\/\",\"url\":\"https:\\\/\\\/www.alton-france.com\\\/fr\\\/kit-comet\\\/\",\"name\":\"Kit d\u00e9marreur \u00e9lectrique Alton\\\/Vincent Comet - D\u00e9marrage Facile\",\"isPartOf\":{\"@id\":\"https:\\\/\\\/www.alton-france.com\\\/#website\"},\"datePublished\":\"2020-01-21T10:57:27+00:00\",\"dateModified\":\"2025-11-06T14:07:46+00:00\",\"description\":\"Fini le kick ! Installez le kit d\u00e9marreur \u00e9lectrique Alton sur votre Vincent Comet. Respect de l'original et montage r\u00e9versible garanti.\",\"breadcrumb\":{\"@id\":\"https:\\\/\\\/www.alton-france.com\\\/fr\\\/kit-comet\\\/#breadcrumb\"},\"inLanguage\":\"fr-FR\",\"potentialAction\":[{\"@type\":\"ReadAction\",\"target\":[\"https:\\\/\\\/www.alton-france.com\\\/fr\\\/kit-comet\\\/\"]}]},{\"@type\":\"BreadcrumbList\",\"@id\":\"https:\\\/\\\/www.alton-france.com\\\/fr\\\/kit-comet\\\/#breadcrumb\",\"itemListElement\":[{\"@type\":\"ListItem\",\"position\":1,\"name\":\"HOME\",\"item\":\"https:\\\/\\\/www.alton-france.com\\\/fr\\\/\"},{\"@type\":\"ListItem\",\"position\":2,\"name\":\"Kit d\u00e9marreur \u00e9lectrique pour Vincent Comet\"}]},{\"@type\":\"WebSite\",\"@id\":\"https:\\\/\\\/www.alton-france.com\\\/#website\",\"url\":\"https:\\\/\\\/www.alton-france.com\\\/\",\"name\":\"Alton\",\"description\":\"Fabricant et distributeur de d\u00e9marreur kit \u00e9lectrique\",\"potentialAction\":[{\"@type\":\"SearchAction\",\"target\":{\"@type\":\"EntryPoint\",\"urlTemplate\":\"https:\\\/\\\/www.alton-france.com\\\/?s={search_term_string}\"},\"query-input\":{\"@type\":\"PropertyValueSpecification\",\"valueRequired\":true,\"valueName\":\"search_term_string\"}}],\"inLanguage\":\"fr-FR\"}]}<\/script>\n<!-- \/ Yoast SEO plugin. -->","yoast_head_json":{"title":"Kit d\u00e9marreur \u00e9lectrique Alton\/Vincent Comet - D\u00e9marrage Facile","description":"Fini le kick ! Installez le kit d\u00e9marreur \u00e9lectrique Alton sur votre Vincent Comet. Respect de l'original et montage r\u00e9versible garanti.","robots":{"index":"index","follow":"follow","max-snippet":"max-snippet:-1","max-image-preview":"max-image-preview:large","max-video-preview":"max-video-preview:-1"},"canonical":"https:\/\/www.alton-france.com\/fr\/kit-comet\/","og_locale":"fr_FR","og_type":"article","og_title":"Kit d\u00e9marreur \u00e9lectrique Alton\/Vincent Comet - D\u00e9marrage Facile","og_description":"Fini le kick ! Installez le kit d\u00e9marreur \u00e9lectrique Alton sur votre Vincent Comet. Respect de l'original et montage r\u00e9versible garanti.","og_url":"https:\/\/www.alton-france.com\/fr\/kit-comet\/","og_site_name":"Alton","article_modified_time":"2025-11-06T14:07:46+00:00","twitter_card":"summary_large_image","twitter_misc":{"Dur\u00e9e de lecture estim\u00e9e":"3 minutes"},"schema":{"@context":"https:\/\/schema.org","@graph":[{"@type":"WebPage","@id":"https:\/\/www.alton-france.com\/fr\/kit-comet\/","url":"https:\/\/www.alton-france.com\/fr\/kit-comet\/","name":"Kit d\u00e9marreur \u00e9lectrique Alton\/Vincent Comet - D\u00e9marrage Facile","isPartOf":{"@id":"https:\/\/www.alton-france.com\/#website"},"datePublished":"2020-01-21T10:57:27+00:00","dateModified":"2025-11-06T14:07:46+00:00","description":"Fini le kick ! Installez le kit d\u00e9marreur \u00e9lectrique Alton sur votre Vincent Comet. Respect de l'original et montage r\u00e9versible garanti.","breadcrumb":{"@id":"https:\/\/www.alton-france.com\/fr\/kit-comet\/#breadcrumb"},"inLanguage":"fr-FR","potentialAction":[{"@type":"ReadAction","target":["https:\/\/www.alton-france.com\/fr\/kit-comet\/"]}]},{"@type":"BreadcrumbList","@id":"https:\/\/www.alton-france.com\/fr\/kit-comet\/#breadcrumb","itemListElement":[{"@type":"ListItem","position":1,"name":"HOME","item":"https:\/\/www.alton-france.com\/fr\/"},{"@type":"ListItem","position":2,"name":"Kit d\u00e9marreur \u00e9lectrique pour Vincent Comet"}]},{"@type":"WebSite","@id":"https:\/\/www.alton-france.com\/#website","url":"https:\/\/www.alton-france.com\/","name":"Alton","description":"Fabricant et distributeur de d\u00e9marreur kit \u00e9lectrique","potentialAction":[{"@type":"SearchAction","target":{"@type":"EntryPoint","urlTemplate":"https:\/\/www.alton-france.com\/?s={search_term_string}"},"query-input":{"@type":"PropertyValueSpecification","valueRequired":true,"valueName":"search_term_string"}}],"inLanguage":"fr-FR"}]}},"_links":{"self":[{"href":"https:\/\/www.alton-france.com\/fr\/wp-json\/wp\/v2\/pages\/1094","targetHints":{"allow":["GET"]}}],"collection":[{"href":"https:\/\/www.alton-france.com\/fr\/wp-json\/wp\/v2\/pages"}],"about":[{"href":"https:\/\/www.alton-france.com\/fr\/wp-json\/wp\/v2\/types\/page"}],"author":[{"embeddable":true,"href":"https:\/\/www.alton-france.com\/fr\/wp-json\/wp\/v2\/users\/2"}],"replies":[{"embeddable":true,"href":"https:\/\/www.alton-france.com\/fr\/wp-json\/wp\/v2\/comments?post=1094"}],"version-history":[{"count":22,"href":"https:\/\/www.alton-france.com\/fr\/wp-json\/wp\/v2\/pages\/1094\/revisions"}],"predecessor-version":[{"id":2950,"href":"https:\/\/www.alton-france.com\/fr\/wp-json\/wp\/v2\/pages\/1094\/revisions\/2950"}],"wp:attachment":[{"href":"https:\/\/www.alton-france.com\/fr\/wp-json\/wp\/v2\/media?parent=1094"}],"curies":[{"name":"wp","href":"https:\/\/api.w.org\/{rel}","templated":true}]}}