{"id":102,"date":"2017-01-08T13:47:31","date_gmt":"2017-01-08T12:47:31","guid":{"rendered":"http:\/\/alton-france.com\/?page_id=102\/"},"modified":"2025-10-21T14:17:25","modified_gmt":"2025-10-21T12:17:25","slug":"demarreurs-pour-velocette","status":"publish","type":"page","link":"https:\/\/www.alton-france.com\/fr\/demarreurs-pour-velocette\/","title":{"rendered":"D\u00e9marreurs pour Velocette"},"content":{"rendered":"<div class=\"wpb-content-wrapper\">[vc_row fullwidth=\u00a0\u00bbtrue\u00a0\u00bb fullwidth_content=\u00a0\u00bbfalse\u00a0\u00bb css=\u00a0\u00bb.vc_custom_1483789022818{background-color: #000000 !important;}\u00a0\u00bb][vc_column][mk_image src=\u00a0\u00bbhttp:\/\/alton-france.com\/wp-content\/uploads\/2017\/01\/header.jpg\u00a0\u00bb image_size=\u00a0\u00bbfull\u00a0\u00bb align=\u00a0\u00bbcenter\u00a0\u00bb margin_bottom=\u00a0\u00bb0&Prime;][\/vc_column][\/vc_row][vc_row css=\u00a0\u00bb.vc_custom_1483790987289{margin-top: 20px !important;}\u00a0\u00bb][vc_column width=\u00a0\u00bb1\/3&Prime;][\/vc_column][vc_column width=\u00a0\u00bb1\/3&Prime;][mk_image src=\u00a0\u00bbhttp:\/\/alton-france.com\/wp-content\/uploads\/2017\/01\/esk-velocette.jpg\u00a0\u00bb image_size=\u00a0\u00bbfull\u00a0\u00bb align=\u00a0\u00bbcenter\u00a0\u00bb][\/vc_column][vc_column width=\u00a0\u00bb1\/3&Prime;][vc_column_text css=\u00a0\u00bb.vc_custom_1637660620557{margin-bottom: 0px !important;}\u00a0\u00bb]\n<h3>Disponibilit\u00e9 :<\/h3>\n<p><span style=\"color: #ff9900;\"><strong>En stock, imm\u00e9diate<\/strong><\/span><\/p>\n<p><span style=\"color: #999999;\">1 \u00e0 3 semaines<\/span><\/p>\n<p><span style=\"color: #999999;\">3 \u00e0 5 semaines<\/span><\/p>\n<p><span style=\"color: #999999;\">\u00c0\u00a0la demande<\/span>[\/vc_column_text][\/vc_column][\/vc_row][vc_row fullwidth=\u00a0\u00bbtrue\u00a0\u00bb css=\u00a0\u00bb.vc_custom_1484141856623{background-color: #dadada !important;}\u00a0\u00bb id=\u00a0\u00bbvelocette1&Prime;][vc_column css=\u00a0\u00bb.vc_custom_1483791179252{padding-top: 10px !important;}\u00a0\u00bb][vc_column_text]\n<h3 style=\"text-align: center;\">&gt; Kit d\u00e9marreur \u00e9lectrique pour Velocette Thruxton, Viper, Venom<\/h3>\n[\/vc_column_text][\/vc_column][\/vc_row][vc_row css=\u00a0\u00bb.vc_custom_1483789520203{margin-top: 20px !important;}\u00a0\u00bb][vc_column][vc_column_text]<em><span style=\"font-size: 20px;\">\u00abAppuyez\u2026 partez !\u00bb<\/span><\/em>[\/vc_column_text][vc_column_text css=\u00a0\u00bb.vc_custom_1599045329979{margin-bottom: 0px !important;}\u00a0\u00bb]Le eKit Velocette est le premier kit de d\u00e9marreur con\u00e7u, fabriqu\u00e9 et commercialis\u00e9 par Alton. R\u00e9put\u00e9e difficile \u00e0 d\u00e9marrer depuis sa cr\u00e9ation, la Velocette \u00e9tait un d\u00e9fi que nous ne pouvions pas refuser. Nos distributeurs nous demandaient souvent s&rsquo;il n&rsquo;y avait pas une solution simple \u00e0 ce probl\u00e8me. Cela n&rsquo;a pas \u00e9t\u00e9 sans mal, mais nous avons trouv\u00e9 une solution efficace.<\/p>\n<p>En seulement quelques heures, le ekit peut \u00eatre mont\u00e9 et en service. Il s&rsquo;agit d&rsquo;une installation 100 % r\u00e9versible. Vous aurez n\u00e9anmoins besoin d&rsquo;une nouvelle batterie 12 Ah telle une YTX14BS. Ce kit peut \u00eatre mont\u00e9 sur Velocette Venom, Thruxton, Viper and MSS.<\/p>\n<p>Regardez la video ci-dessous pour constater avec quelle facilit\u00e9 fonctionne le eKit Velocette.[\/vc_column_text][\/vc_column][\/vc_row][vc_row][vc_column][mk_divider style=\u00a0\u00bbthin_solid\u00a0\u00bb thin_single_color=\u00a0\u00bb#000000&Prime; thickness=\u00a0\u00bb2&Prime; margin_top=\u00a0\u00bb0&Prime; margin_bottom=\u00a0\u00bb10&Prime;][vc_column_text]\n<h3 style=\"text-align: center;\">ALTON eKit\u00a0<strong><span style=\"font-size: 20px;\">VELOCETTE<\/span><\/strong><\/h3>\n[\/vc_column_text][vc_row_inner][vc_column_inner width=\u00a0\u00bb1\/2&Prime;][mk_image src=\u00a0\u00bbhttps:\/\/www.alton-france.com\/wp-content\/uploads\/2021\/08\/velocette-starter-1.jpg\u00a0\u00bb image_size=\u00a0\u00bbfull\u00a0\u00bb frame_style=\u00a0\u00bbsingle_line\u00a0\u00bb align=\u00a0\u00bbcenter\u00a0\u00bb][\/vc_column_inner][vc_column_inner width=\u00a0\u00bb1\/2&Prime;][mk_image src=\u00a0\u00bbhttps:\/\/www.alton-france.com\/wp-content\/uploads\/2021\/08\/velocette-starter-2.jpeg\u00a0\u00bb image_size=\u00a0\u00bbfull\u00a0\u00bb frame_style=\u00a0\u00bbsingle_line\u00a0\u00bb align=\u00a0\u00bbcenter\u00a0\u00bb][\/vc_column_inner][\/vc_row_inner][\/vc_column][\/vc_row][vc_row][vc_column][mk_divider style=\u00a0\u00bbthin_solid\u00a0\u00bb thin_single_color=\u00a0\u00bb#000000&Prime; thickness=\u00a0\u00bb2&Prime; margin_bottom=\u00a0\u00bb10&Prime;][vc_column_text css=\u00a0\u00bb.vc_custom_1581968913973{margin-bottom: 0px !important;}\u00a0\u00bb]\n<h3 style=\"text-align: center;\">Clients satisfaits<\/h3>\n[\/vc_column_text][mk_gallery images=\u00a0\u00bb1335,1333,1331,1329,1327,1325,1323&Prime; column=\u00a0\u00bb4&Prime; image_size=\u00a0\u00bbfull\u00a0\u00bb][\/vc_column][\/vc_row][vc_row css=\u00a0\u00bb.vc_custom_1483880191763{margin-top: 20px !important;}\u00a0\u00bb][vc_column css=\u00a0\u00bb.vc_custom_1630339536890{margin-bottom: 40px !important;}\u00a0\u00bb][mk_divider style=\u00a0\u00bbthin_solid\u00a0\u00bb thin_single_color=\u00a0\u00bb#000000&Prime; thickness=\u00a0\u00bb2&Prime; margin_top=\u00a0\u00bb0&Prime; margin_bottom=\u00a0\u00bb10&Prime;][vc_column_text]\n<h3 style=\"text-align: center;\">ALTON eKit\u00a0<strong><span style=\"font-size: 20px;\">VELOCETTE EN VID\u00c9O<\/span><\/strong><\/h3>\n[\/vc_column_text][vc_row_inner][vc_column_inner width=\u00a0\u00bb1\/2&Prime;][vc_video link=\u00a0\u00bbhttps:\/\/www.youtube.com\/watch?v=sYixkoP3xWs\u00a0\u00bb el_class=\u00a0\u00bbvideo-esk-velocette\u00a0\u00bb][\/vc_column_inner][vc_column_inner width=\u00a0\u00bb1\/2&Prime;][vc_video link=\u00a0\u00bbhttps:\/\/www.youtube.com\/watch?v=wUIYfjzNaw8&Prime; el_class=\u00a0\u00bbvideo-esk-velocette\u00a0\u00bb][\/vc_column_inner][\/vc_row_inner][\/vc_column][\/vc_row]\n<\/div>","protected":false},"excerpt":{"rendered":"<p>[vc_row fullwidth=\u00a0\u00bbtrue\u00a0\u00bb fullwidth_content=\u00a0\u00bbfalse\u00a0\u00bb css=\u00a0\u00bb.vc_custom_1483789022818{background-color: #000000 !important;}\u00a0\u00bb][vc_column][mk_image src=\u00a0\u00bbhttp:\/\/alton-france.com\/wp-content\/uploads\/2017\/01\/header.jpg\u00a0\u00bb image_size=\u00a0\u00bbfull\u00a0\u00bb align=\u00a0\u00bbcenter\u00a0\u00bb margin_bottom=\u00a0\u00bb0&Prime;][\/vc_column][\/vc_row][vc_row css=\u00a0\u00bb.vc_custom_1483790987289{margin-top: 20px !important;}\u00a0\u00bb][vc_column width=\u00a0\u00bb1\/3&Prime;][\/vc_column][vc_column width=\u00a0\u00bb1\/3&Prime;][mk_image src=\u00a0\u00bbhttp:\/\/alton-france.com\/wp-content\/uploads\/2017\/01\/esk-velocette.jpg\u00a0\u00bb image_size=\u00a0\u00bbfull\u00a0\u00bb align=\u00a0\u00bbcenter\u00a0\u00bb][\/vc_column][vc_column width=\u00a0\u00bb1\/3&Prime;][vc_column_text css=\u00a0\u00bb.vc_custom_1637660620557{margin-bottom: 0px !important;}\u00a0\u00bb] Disponibilit\u00e9 : En stock, imm\u00e9diate 1 \u00e0 3 semaines 3 \u00e0 5 semaines \u00c0\u00a0la demande[\/vc_column_text][\/vc_column][\/vc_row][vc_row fullwidth=\u00a0\u00bbtrue\u00a0\u00bb css=\u00a0\u00bb.vc_custom_1484141856623{background-color: #dadada !important;}\u00a0\u00bb id=\u00a0\u00bbvelocette1&Prime;][vc_column css=\u00a0\u00bb.vc_custom_1483791179252{padding-top: 10px !important;}\u00a0\u00bb][vc_column_text] &gt; Kit d\u00e9marreur \u00e9lectrique pour Velocette Thruxton, Viper, Venom [\/vc_column_text][\/vc_column][\/vc_row][vc_row [&hellip;]<\/p>\n","protected":false},"author":2,"featured_media":0,"parent":0,"menu_order":0,"comment_status":"closed","ping_status":"closed","template":"","meta":{"_exactmetrics_skip_tracking":false,"_exactmetrics_sitenote_active":false,"_exactmetrics_sitenote_note":"","_exactmetrics_sitenote_category":0,"footnotes":""},"class_list":["post-102","page","type-page","status-publish","hentry"],"yoast_head":"<!-- This site is optimized with the Yoast SEO plugin v27.3 - https:\/\/yoast.com\/product\/yoast-seo-wordpress\/ -->\n<title>D\u00e9marreur \u00c9lectrique Alton pour Velocette | L&#039;installation Facile<\/title>\n<meta name=\"description\" content=\"D\u00e9marrez facilement votre Velocette Thruxton, Viper, Venom, MSS avec le kit d\u00e9marreur \u00e9lectrique Alton. Installation 100% r\u00e9versible.\" \/>\n<meta name=\"robots\" content=\"index, follow, max-snippet:-1, max-image-preview:large, max-video-preview:-1\" \/>\n<link rel=\"canonical\" href=\"https:\/\/www.alton-france.com\/fr\/demarreurs-pour-velocette\/\" \/>\n<meta property=\"og:locale\" content=\"fr_FR\" \/>\n<meta property=\"og:type\" content=\"article\" \/>\n<meta property=\"og:title\" content=\"D\u00e9marreur \u00c9lectrique Alton pour Velocette | L&#039;installation Facile\" \/>\n<meta property=\"og:description\" content=\"D\u00e9marrez facilement votre Velocette Thruxton, Viper, Venom, MSS avec le kit d\u00e9marreur \u00e9lectrique Alton. Installation 100% r\u00e9versible.\" \/>\n<meta property=\"og:url\" content=\"https:\/\/www.alton-france.com\/fr\/demarreurs-pour-velocette\/\" \/>\n<meta property=\"og:site_name\" content=\"Alton\" \/>\n<meta property=\"article:modified_time\" content=\"2025-10-21T12:17:25+00:00\" \/>\n<meta name=\"twitter:card\" content=\"summary_large_image\" \/>\n<meta name=\"twitter:label1\" content=\"Dur\u00e9e de lecture estim\u00e9e\" \/>\n\t<meta name=\"twitter:data1\" content=\"2 minutes\" \/>\n<script type=\"application\/ld+json\" class=\"yoast-schema-graph\">{\"@context\":\"https:\\\/\\\/schema.org\",\"@graph\":[{\"@type\":\"WebPage\",\"@id\":\"https:\\\/\\\/www.alton-france.com\\\/fr\\\/demarreurs-pour-velocette\\\/\",\"url\":\"https:\\\/\\\/www.alton-france.com\\\/fr\\\/demarreurs-pour-velocette\\\/\",\"name\":\"D\u00e9marreur \u00c9lectrique Alton pour Velocette | L'installation Facile\",\"isPartOf\":{\"@id\":\"https:\\\/\\\/www.alton-france.com\\\/#website\"},\"datePublished\":\"2017-01-08T12:47:31+00:00\",\"dateModified\":\"2025-10-21T12:17:25+00:00\",\"description\":\"D\u00e9marrez facilement votre Velocette Thruxton, Viper, Venom, MSS avec le kit d\u00e9marreur \u00e9lectrique Alton. Installation 100% r\u00e9versible.\",\"breadcrumb\":{\"@id\":\"https:\\\/\\\/www.alton-france.com\\\/fr\\\/demarreurs-pour-velocette\\\/#breadcrumb\"},\"inLanguage\":\"fr-FR\",\"potentialAction\":[{\"@type\":\"ReadAction\",\"target\":[\"https:\\\/\\\/www.alton-france.com\\\/fr\\\/demarreurs-pour-velocette\\\/\"]}]},{\"@type\":\"BreadcrumbList\",\"@id\":\"https:\\\/\\\/www.alton-france.com\\\/fr\\\/demarreurs-pour-velocette\\\/#breadcrumb\",\"itemListElement\":[{\"@type\":\"ListItem\",\"position\":1,\"name\":\"HOME\",\"item\":\"https:\\\/\\\/www.alton-france.com\\\/fr\\\/\"},{\"@type\":\"ListItem\",\"position\":2,\"name\":\"D\u00e9marreurs pour Velocette\"}]},{\"@type\":\"WebSite\",\"@id\":\"https:\\\/\\\/www.alton-france.com\\\/#website\",\"url\":\"https:\\\/\\\/www.alton-france.com\\\/\",\"name\":\"Alton\",\"description\":\"Fabricant et distributeur de d\u00e9marreur kit \u00e9lectrique\",\"potentialAction\":[{\"@type\":\"SearchAction\",\"target\":{\"@type\":\"EntryPoint\",\"urlTemplate\":\"https:\\\/\\\/www.alton-france.com\\\/?s={search_term_string}\"},\"query-input\":{\"@type\":\"PropertyValueSpecification\",\"valueRequired\":true,\"valueName\":\"search_term_string\"}}],\"inLanguage\":\"fr-FR\"}]}<\/script>\n<!-- \/ Yoast SEO plugin. -->","yoast_head_json":{"title":"D\u00e9marreur \u00c9lectrique Alton pour Velocette | L'installation Facile","description":"D\u00e9marrez facilement votre Velocette Thruxton, Viper, Venom, MSS avec le kit d\u00e9marreur \u00e9lectrique Alton. Installation 100% r\u00e9versible.","robots":{"index":"index","follow":"follow","max-snippet":"max-snippet:-1","max-image-preview":"max-image-preview:large","max-video-preview":"max-video-preview:-1"},"canonical":"https:\/\/www.alton-france.com\/fr\/demarreurs-pour-velocette\/","og_locale":"fr_FR","og_type":"article","og_title":"D\u00e9marreur \u00c9lectrique Alton pour Velocette | L'installation Facile","og_description":"D\u00e9marrez facilement votre Velocette Thruxton, Viper, Venom, MSS avec le kit d\u00e9marreur \u00e9lectrique Alton. Installation 100% r\u00e9versible.","og_url":"https:\/\/www.alton-france.com\/fr\/demarreurs-pour-velocette\/","og_site_name":"Alton","article_modified_time":"2025-10-21T12:17:25+00:00","twitter_card":"summary_large_image","twitter_misc":{"Dur\u00e9e de lecture estim\u00e9e":"2 minutes"},"schema":{"@context":"https:\/\/schema.org","@graph":[{"@type":"WebPage","@id":"https:\/\/www.alton-france.com\/fr\/demarreurs-pour-velocette\/","url":"https:\/\/www.alton-france.com\/fr\/demarreurs-pour-velocette\/","name":"D\u00e9marreur \u00c9lectrique Alton pour Velocette | L'installation Facile","isPartOf":{"@id":"https:\/\/www.alton-france.com\/#website"},"datePublished":"2017-01-08T12:47:31+00:00","dateModified":"2025-10-21T12:17:25+00:00","description":"D\u00e9marrez facilement votre Velocette Thruxton, Viper, Venom, MSS avec le kit d\u00e9marreur \u00e9lectrique Alton. Installation 100% r\u00e9versible.","breadcrumb":{"@id":"https:\/\/www.alton-france.com\/fr\/demarreurs-pour-velocette\/#breadcrumb"},"inLanguage":"fr-FR","potentialAction":[{"@type":"ReadAction","target":["https:\/\/www.alton-france.com\/fr\/demarreurs-pour-velocette\/"]}]},{"@type":"BreadcrumbList","@id":"https:\/\/www.alton-france.com\/fr\/demarreurs-pour-velocette\/#breadcrumb","itemListElement":[{"@type":"ListItem","position":1,"name":"HOME","item":"https:\/\/www.alton-france.com\/fr\/"},{"@type":"ListItem","position":2,"name":"D\u00e9marreurs pour Velocette"}]},{"@type":"WebSite","@id":"https:\/\/www.alton-france.com\/#website","url":"https:\/\/www.alton-france.com\/","name":"Alton","description":"Fabricant et distributeur de d\u00e9marreur kit \u00e9lectrique","potentialAction":[{"@type":"SearchAction","target":{"@type":"EntryPoint","urlTemplate":"https:\/\/www.alton-france.com\/?s={search_term_string}"},"query-input":{"@type":"PropertyValueSpecification","valueRequired":true,"valueName":"search_term_string"}}],"inLanguage":"fr-FR"}]}},"_links":{"self":[{"href":"https:\/\/www.alton-france.com\/fr\/wp-json\/wp\/v2\/pages\/102","targetHints":{"allow":["GET"]}}],"collection":[{"href":"https:\/\/www.alton-france.com\/fr\/wp-json\/wp\/v2\/pages"}],"about":[{"href":"https:\/\/www.alton-france.com\/fr\/wp-json\/wp\/v2\/types\/page"}],"author":[{"embeddable":true,"href":"https:\/\/www.alton-france.com\/fr\/wp-json\/wp\/v2\/users\/2"}],"replies":[{"embeddable":true,"href":"https:\/\/www.alton-france.com\/fr\/wp-json\/wp\/v2\/comments?post=102"}],"version-history":[{"count":37,"href":"https:\/\/www.alton-france.com\/fr\/wp-json\/wp\/v2\/pages\/102\/revisions"}],"predecessor-version":[{"id":1964,"href":"https:\/\/www.alton-france.com\/fr\/wp-json\/wp\/v2\/pages\/102\/revisions\/1964"}],"wp:attachment":[{"href":"https:\/\/www.alton-france.com\/fr\/wp-json\/wp\/v2\/media?parent=102"}],"curies":[{"name":"wp","href":"https:\/\/api.w.org\/{rel}","templated":true}]}}